{"id":19,"date":"2025-11-10T17:21:11","date_gmt":"2025-11-10T17:21:11","guid":{"rendered":"https:\/\/assuranceperformance.com\/?page_id=19"},"modified":"2025-12-14T13:18:08","modified_gmt":"2025-12-14T13:18:08","slug":"commercial-lines","status":"publish","type":"page","link":"https:\/\/assuranceperformance.com\/fr\/commercial-lines\/","title":{"rendered":"Commercial Lines"},"content":{"rendered":"\t\t<div data-elementor-type=\"wp-page\" data-elementor-id=\"19\" class=\"elementor elementor-19\">\n\t\t\t\t<div class=\"elementor-element elementor-element-63d6411 e-flex e-con-boxed e-con e-parent\" data-id=\"63d6411\" data-element_type=\"container\" data-e-type=\"container\" data-settings=\"{&quot;background_background&quot;:&quot;classic&quot;}\">\n\t\t\t\t\t<div class=\"e-con-inner\">\n\t\t<div class=\"elementor-element elementor-element-466c46f e-con-full e-flex e-con e-child\" data-id=\"466c46f\" data-element_type=\"container\" data-e-type=\"container\">\n\t\t\t\t<div class=\"elementor-element elementor-element-8fac3b5 elementor-widget elementor-widget-text-editor\" data-id=\"8fac3b5\" data-element_type=\"widget\" data-e-type=\"widget\" data-widget_type=\"text-editor.default\">\n\t\t\t\t\t\t\t\t\t<main class=\"main-content svelte-29epsp\"><\/main><div class=\"main-content svelte-mhuesr\"><div class=\"translator-container svelte-bad754\" data-testid=\"side-panel-translator\"><div class=\"output-area svelte-10aez33\" dir=\"ltr\" data-testid=\"side-panel-output\">Assurance commerciale<\/div><\/div><\/div>\t\t\t\t\t\t\t\t<\/div>\n\t\t\t\t<div class=\"elementor-element elementor-element-71b9517 elementor-widget elementor-widget-heading\" data-id=\"71b9517\" data-element_type=\"widget\" data-e-type=\"widget\" data-widget_type=\"heading.default\">\n\t\t\t\t\t<h1 class=\"elementor-heading-title elementor-size-default\">Une protection sur mesure pour\nvotre entreprise et votre portefeuille immobilier<\/h1>\t\t\t\t<\/div>\n\t\t\t\t<div class=\"elementor-element elementor-element-02d055f elementor-widget elementor-widget-text-editor\" data-id=\"02d055f\" data-element_type=\"widget\" data-e-type=\"widget\" data-widget_type=\"text-editor.default\">\n\t\t\t\t\t\t\t\t\t<main class=\"main-content svelte-29epsp\"><div class=\"main-content svelte-mhuesr\"><div class=\"translator-container svelte-bad754\" data-testid=\"side-panel-translator\"><div class=\"output-area svelte-10aez33\" dir=\"ltr\" data-testid=\"side-panel-output\">Chez Assurance Performance, nous comprenons que chaque entreprise et chaque investissement immobilier sont uniques. Notre \u00e9quipe con\u00e7oit des programmes d&rsquo;assurance qui prot\u00e8gent vos actifs, vos revenus et votre r\u00e9putation, en collaboration avec les principaux assureurs commerciaux du Canada.<\/div><\/div><\/div><\/main>\t\t\t\t\t\t\t\t<\/div>\n\t\t\t\t<\/div>\n\t\t<div class=\"elementor-element elementor-element-75ad700 e-con-full e-flex e-con e-child\" data-id=\"75ad700\" data-element_type=\"container\" data-e-type=\"container\">\n\t\t\t\t<div class=\"elementor-element elementor-element-5d2e685 elementor-widget elementor-widget-image\" data-id=\"5d2e685\" data-element_type=\"widget\" data-e-type=\"widget\" data-widget_type=\"image.default\">\n\t\t\t\t\t\t\t\t\t\t\t\t\t\t\t<img fetchpriority=\"high\" decoding=\"async\" width=\"1076\" height=\"632\" src=\"https:\/\/assuranceperformance.com\/wp-content\/uploads\/2025\/11\/Commercial-Insurance.webp\" class=\"attachment-full size-full wp-image-350\" alt=\"\" srcset=\"https:\/\/assuranceperformance.com\/wp-content\/uploads\/2025\/11\/Commercial-Insurance.webp 1076w, https:\/\/assuranceperformance.com\/wp-content\/uploads\/2025\/11\/Commercial-Insurance-300x176.webp 300w, https:\/\/assuranceperformance.com\/wp-content\/uploads\/2025\/11\/Commercial-Insurance-1024x601.webp 1024w, https:\/\/assuranceperformance.com\/wp-content\/uploads\/2025\/11\/Commercial-Insurance-768x451.webp 768w\" sizes=\"(max-width: 1076px) 100vw, 1076px\" \/>\t\t\t\t\t\t\t\t\t\t\t\t\t\t\t<\/div>\n\t\t\t\t<\/div>\n\t\t\t\t\t<\/div>\n\t\t\t\t<\/div>\n\t\t<div class=\"elementor-element elementor-element-4df4a90 e-flex e-con-boxed e-con e-parent\" data-id=\"4df4a90\" data-element_type=\"container\" data-e-type=\"container\">\n\t\t\t\t\t<div class=\"e-con-inner\">\n\t\t<div class=\"elementor-element elementor-element-d04842f e-con-full e-flex e-con e-child\" data-id=\"d04842f\" data-element_type=\"container\" data-e-type=\"container\" data-settings=\"{&quot;background_background&quot;:&quot;classic&quot;}\">\n\t\t\t\t<div class=\"elementor-element elementor-element-0419063 elementor-widget elementor-widget-heading\" data-id=\"0419063\" data-element_type=\"widget\" data-e-type=\"widget\" data-widget_type=\"heading.default\">\n\t\t\t\t\t<h3 class=\"elementor-heading-title elementor-size-default\">Assurance des biens commerciaux<\/h3>\t\t\t\t<\/div>\n\t\t\t\t<div class=\"elementor-element elementor-element-05d0136 elementor-widget elementor-widget-text-editor\" data-id=\"05d0136\" data-element_type=\"widget\" data-e-type=\"widget\" data-widget_type=\"text-editor.default\">\n\t\t\t\t\t\t\t\t\t<p>Protection de vos b\u00e2timents, \u00e9quipements, inventaires et pertes de revenus en cas d\u2019incendie, de vol ou de d\u00e9g\u00e2t d\u2019eau.<\/p>\t\t\t\t\t\t\t\t<\/div>\n\t\t\t\t<\/div>\n\t\t<div class=\"elementor-element elementor-element-f8aacbd e-con-full e-flex e-con e-child\" data-id=\"f8aacbd\" data-element_type=\"container\" data-e-type=\"container\" data-settings=\"{&quot;background_background&quot;:&quot;classic&quot;}\">\n\t\t\t\t<div class=\"elementor-element elementor-element-85014ca elementor-widget__width-initial elementor-widget elementor-widget-heading\" data-id=\"85014ca\" data-element_type=\"widget\" data-e-type=\"widget\" data-widget_type=\"heading.default\">\n\t\t\t\t\t<h3 class=\"elementor-heading-title elementor-size-default\">Immeubles multi logements et mixtes<\/h3>\t\t\t\t<\/div>\n\t\t\t\t<div class=\"elementor-element elementor-element-b421399 elementor-widget elementor-widget-text-editor\" data-id=\"b421399\" data-element_type=\"widget\" data-e-type=\"widget\" data-widget_type=\"text-editor.default\">\n\t\t\t\t\t\t\t\t\t<p>Couverture adapt\u00e9e pour propri\u00e9taires et investisseurs, incluant le revenu locatif, le refoulement d\u2019\u00e9gouts et la bris d\u2019\u00e9quipement.<\/p>\t\t\t\t\t\t\t\t<\/div>\n\t\t\t\t<\/div>\n\t\t<div class=\"elementor-element elementor-element-ba6273c e-con-full e-flex e-con e-child\" data-id=\"ba6273c\" data-element_type=\"container\" data-e-type=\"container\" data-settings=\"{&quot;background_background&quot;:&quot;classic&quot;}\">\n\t\t\t\t<div class=\"elementor-element elementor-element-3c0044a elementor-widget elementor-widget-heading\" data-id=\"3c0044a\" data-element_type=\"widget\" data-e-type=\"widget\" data-widget_type=\"heading.default\">\n\t\t\t\t\t<h3 class=\"elementor-heading-title elementor-size-default\">Entrepreneurs et risques de construction<\/h3>\t\t\t\t<\/div>\n\t\t\t\t<div class=\"elementor-element elementor-element-e9e528d elementor-widget elementor-widget-text-editor\" data-id=\"e9e528d\" data-element_type=\"widget\" data-e-type=\"widget\" data-widget_type=\"text-editor.default\">\n\t\t\t\t\t\t\t\t\t<p>Chantier (builder\u2019s risk), flottante d\u2019installation, flottante d\u2019\u00e9quipement, responsabilit\u00e9 environnementale, wrap-up et cautionnements.<\/p>\t\t\t\t\t\t\t\t<\/div>\n\t\t\t\t<\/div>\n\t\t<div class=\"elementor-element elementor-element-aa719d6 e-con-full e-flex e-con e-child\" data-id=\"aa719d6\" data-element_type=\"container\" data-e-type=\"container\" data-settings=\"{&quot;background_background&quot;:&quot;classic&quot;}\">\n\t\t\t\t<div class=\"elementor-element elementor-element-410e272 elementor-widget elementor-widget-heading\" data-id=\"410e272\" data-element_type=\"widget\" data-e-type=\"widget\" data-widget_type=\"heading.default\">\n\t\t\t\t\t<h3 class=\"elementor-heading-title elementor-size-default\">Assurance cybers\u00e9curit\u00e9 et protection des donn\u00e9es<\/h3>\t\t\t\t<\/div>\n\t\t\t\t<div class=\"elementor-element elementor-element-6cba930 elementor-widget elementor-widget-text-editor\" data-id=\"6cba930\" data-element_type=\"widget\" data-e-type=\"widget\" data-widget_type=\"text-editor.default\">\n\t\t\t\t\t\t\t\t\t<p>Contre les attaques informatiques, fuites de donn\u00e9es et extorsions num\u00e9riques.<\/p>\t\t\t\t\t\t\t\t<\/div>\n\t\t\t\t<\/div>\n\t\t<div class=\"elementor-element elementor-element-95ab839 e-con-full e-flex e-con e-child\" data-id=\"95ab839\" data-element_type=\"container\" data-e-type=\"container\" data-settings=\"{&quot;background_background&quot;:&quot;classic&quot;}\">\n\t\t\t\t<div class=\"elementor-element elementor-element-53bc7e8 elementor-widget elementor-widget-heading\" data-id=\"53bc7e8\" data-element_type=\"widget\" data-e-type=\"widget\" data-widget_type=\"heading.default\">\n\t\t\t\t\t<h3 class=\"elementor-heading-title elementor-size-default\">Pertes d\u2019exploitation<\/h3>\t\t\t\t<\/div>\n\t\t\t\t<div class=\"elementor-element elementor-element-65bb214 elementor-widget elementor-widget-text-editor\" data-id=\"65bb214\" data-element_type=\"widget\" data-e-type=\"widget\" data-widget_type=\"text-editor.default\">\n\t\t\t\t\t\t\t\t\t<p>Remboursement du revenu perdu et des frais fixes apr\u00e8s un sinistre couvert.<\/p>\t\t\t\t\t\t\t\t<\/div>\n\t\t\t\t<\/div>\n\t\t<div class=\"elementor-element elementor-element-bd92945 e-con-full e-flex e-con e-child\" data-id=\"bd92945\" data-element_type=\"container\" data-e-type=\"container\" data-settings=\"{&quot;background_background&quot;:&quot;classic&quot;}\">\n\t\t\t\t<div class=\"elementor-element elementor-element-0c80879 elementor-widget elementor-widget-heading\" data-id=\"0c80879\" data-element_type=\"widget\" data-e-type=\"widget\" data-widget_type=\"heading.default\">\n\t\t\t\t\t<h3 class=\"elementor-heading-title elementor-size-default\">Responsabilit\u00e9 des administrateurs et dirigeants (D&amp;O)<\/h3>\t\t\t\t<\/div>\n\t\t\t\t<div class=\"elementor-element elementor-element-da33aad elementor-widget elementor-widget-text-editor\" data-id=\"da33aad\" data-element_type=\"widget\" data-e-type=\"widget\" data-widget_type=\"text-editor.default\">\n\t\t\t\t\t\t\t\t\t<p>Protection du patrimoine personnel des dirigeants d\u2019entreprise.<\/p>\t\t\t\t\t\t\t\t<\/div>\n\t\t\t\t<\/div>\n\t\t<div class=\"elementor-element elementor-element-89d3d61 e-con-full e-flex e-con e-child\" data-id=\"89d3d61\" data-element_type=\"container\" data-e-type=\"container\" data-settings=\"{&quot;background_background&quot;:&quot;classic&quot;}\">\n\t\t\t\t<div class=\"elementor-element elementor-element-e2b2198 elementor-widget elementor-widget-heading\" data-id=\"e2b2198\" data-element_type=\"widget\" data-e-type=\"widget\" data-widget_type=\"heading.default\">\n\t\t\t\t\t<h3 class=\"elementor-heading-title elementor-size-default\">Bris d\u2019\u00e9quipement<\/h3>\t\t\t\t<\/div>\n\t\t\t\t<div class=\"elementor-element elementor-element-adcf218 elementor-widget elementor-widget-text-editor\" data-id=\"adcf218\" data-element_type=\"widget\" data-e-type=\"widget\" data-widget_type=\"text-editor.default\">\n\t\t\t\t\t\t\t\t\t<p>Couverture des d\u00e9faillances m\u00e9caniques ou \u00e9lectriques des syst\u00e8mes essentiels (CVC, r\u00e9frig\u00e9ration, ascenseurs, etc.).<\/p>\t\t\t\t\t\t\t\t<\/div>\n\t\t\t\t<\/div>\n\t\t<div class=\"elementor-element elementor-element-f973f96 e-con-full e-flex e-con e-child\" data-id=\"f973f96\" data-element_type=\"container\" data-e-type=\"container\" data-settings=\"{&quot;background_background&quot;:&quot;classic&quot;}\">\n\t\t\t\t<div class=\"elementor-element elementor-element-9290a3c elementor-widget elementor-widget-heading\" data-id=\"9290a3c\" data-element_type=\"widget\" data-e-type=\"widget\" data-widget_type=\"heading.default\">\n\t\t\t\t\t<h3 class=\"elementor-heading-title elementor-size-default\">Responsabilit\u00e9 environnementale<\/h3>\t\t\t\t<\/div>\n\t\t\t\t<div class=\"elementor-element elementor-element-295cd68 elementor-widget elementor-widget-text-editor\" data-id=\"295cd68\" data-element_type=\"widget\" data-e-type=\"widget\" data-widget_type=\"text-editor.default\">\n\t\t\t\t\t\t\t\t\t<p>Protection contre les r\u00e9clamations li\u00e9es \u00e0 la contamination ou aux dommages \u00e9cologiques.<\/p>\t\t\t\t\t\t\t\t<\/div>\n\t\t\t\t<\/div>\n\t\t<div class=\"elementor-element elementor-element-6163bb0 e-con-full e-flex e-con e-child\" data-id=\"6163bb0\" data-element_type=\"container\" data-e-type=\"container\" data-settings=\"{&quot;background_background&quot;:&quot;classic&quot;}\">\n\t\t\t\t<div class=\"elementor-element elementor-element-317f41d elementor-widget elementor-widget-heading\" data-id=\"317f41d\" data-element_type=\"widget\" data-e-type=\"widget\" data-widget_type=\"heading.default\">\n\t\t\t\t\t<h3 class=\"elementor-heading-title elementor-size-default\">H\u00f4tellerie et restauration<\/h3>\t\t\t\t<\/div>\n\t\t\t\t<div class=\"elementor-element elementor-element-06450aa elementor-widget elementor-widget-text-editor\" data-id=\"06450aa\" data-element_type=\"widget\" data-e-type=\"widget\" data-widget_type=\"text-editor.default\">\n\t\t\t\t\t\t\t\t\t<div>Couvre vos b\u00e2timents, \u00e9quipements, inventaires et revenus contre les sinistres courants et les risques sp\u00e9cifiques au secteur : incendie, d\u00e9g\u00e2ts d\u2019eau, vol, bris d\u2019\u00e9quipement, contamination alimentaire et pertes d\u2019exploitation<\/div>\t\t\t\t\t\t\t\t<\/div>\n\t\t\t\t<\/div>\n\t\t\t\t\t<\/div>\n\t\t\t\t<\/div>\n\t\t<div class=\"elementor-element elementor-element-31c7080 e-flex e-con-boxed e-con e-parent\" data-id=\"31c7080\" data-element_type=\"container\" data-e-type=\"container\">\n\t\t\t\t\t<div class=\"e-con-inner\">\n\t\t<div class=\"elementor-element elementor-element-fdcf36c e-con-full e-flex e-con e-child\" data-id=\"fdcf36c\" data-element_type=\"container\" data-e-type=\"container\">\n\t\t<div class=\"elementor-element elementor-element-e76996c e-con-full e-flex e-con e-child\" data-id=\"e76996c\" data-element_type=\"container\" data-e-type=\"container\" data-settings=\"{&quot;background_background&quot;:&quot;classic&quot;}\">\n\t\t\t\t<div class=\"elementor-element elementor-element-ed08a9e elementor-widget elementor-widget-heading\" data-id=\"ed08a9e\" data-element_type=\"widget\" data-e-type=\"widget\" data-widget_type=\"heading.default\">\n\t\t\t\t\t<h2 class=\"elementor-heading-title elementor-size-default\">Notre approche<\/h2>\t\t\t\t<\/div>\n\t\t\t\t<div class=\"elementor-element elementor-element-507d549 elementor-widget__width-initial elementor-widget elementor-widget-text-editor\" data-id=\"507d549\" data-element_type=\"widget\" data-e-type=\"widget\" data-widget_type=\"text-editor.default\">\n\t\t\t\t\t\t\t\t\t<p>analyser vos besoins, identifier les bons march\u00e9s assureurs et n\u00e9gocier les meilleures conditions \u2014 pour une protection compl\u00e8te et une tranquillit\u00e9 d\u2019esprit durable.<\/p>\t\t\t\t\t\t\t\t<\/div>\n\t\t\t\t<div class=\"elementor-element elementor-element-cc3e758 elementor-align-left elementor-widget elementor-widget-button\" data-id=\"cc3e758\" data-element_type=\"widget\" data-e-type=\"widget\" data-widget_type=\"button.default\">\n\t\t\t\t\t\t\t\t\t\t<a class=\"elementor-button elementor-button-link elementor-size-sm\" href=\"https:\/\/assuranceperformance.com\/contact-us\/\">\n\t\t\t\t\t\t<span class=\"elementor-button-content-wrapper\">\n\t\t\t\t\t\t\t\t\t<span class=\"elementor-button-text\">Nous Joindre<\/span>\n\t\t\t\t\t<\/span>\n\t\t\t\t\t<\/a>\n\t\t\t\t\t\t\t\t<\/div>\n\t\t\t\t<\/div>\n\t\t\t\t<\/div>\n\t\t\t\t\t<\/div>\n\t\t\t\t<\/div>\n\t\t\t\t<\/div>\n\t\t","protected":false},"excerpt":{"rendered":"<p>Assurance commerciale Une protection sur mesure pour votre entreprise et votre portefeuille immobilier Chez Assurance Performance, nous comprenons que chaque entreprise et chaque investissement immobilier sont uniques. Notre \u00e9quipe con\u00e7oit des programmes d&rsquo;assurance qui prot\u00e8gent vos actifs, vos revenus et votre r\u00e9putation, en collaboration avec les principaux assureurs commerciaux du Canada. Assurance des biens commerciaux [&hellip;]<\/p>\n","protected":false},"author":1,"featured_media":0,"parent":0,"menu_order":0,"comment_status":"closed","ping_status":"closed","template":"","meta":{"footnotes":""},"class_list":["post-19","page","type-page","status-publish","hentry"],"_links":{"self":[{"href":"https:\/\/assuranceperformance.com\/fr\/wp-json\/wp\/v2\/pages\/19","targetHints":{"allow":["GET"]}}],"collection":[{"href":"https:\/\/assuranceperformance.com\/fr\/wp-json\/wp\/v2\/pages"}],"about":[{"href":"https:\/\/assuranceperformance.com\/fr\/wp-json\/wp\/v2\/types\/page"}],"author":[{"embeddable":true,"href":"https:\/\/assuranceperformance.com\/fr\/wp-json\/wp\/v2\/users\/1"}],"replies":[{"embeddable":true,"href":"https:\/\/assuranceperformance.com\/fr\/wp-json\/wp\/v2\/comments?post=19"}],"version-history":[{"count":37,"href":"https:\/\/assuranceperformance.com\/fr\/wp-json\/wp\/v2\/pages\/19\/revisions"}],"predecessor-version":[{"id":744,"href":"https:\/\/assuranceperformance.com\/fr\/wp-json\/wp\/v2\/pages\/19\/revisions\/744"}],"wp:attachment":[{"href":"https:\/\/assuranceperformance.com\/fr\/wp-json\/wp\/v2\/media?parent=19"}],"curies":[{"name":"wp","href":"https:\/\/api.w.org\/{rel}","templated":true}]}}