{"id":18,"date":"2025-11-10T17:21:03","date_gmt":"2025-11-10T17:21:03","guid":{"rendered":"https:\/\/assuranceperformance.com\/?page_id=18"},"modified":"2025-12-14T13:24:16","modified_gmt":"2025-12-14T13:24:16","slug":"personal-lines","status":"publish","type":"page","link":"https:\/\/assuranceperformance.com\/fr\/personal-lines\/","title":{"rendered":"Personal Lines"},"content":{"rendered":"\t\t<div data-elementor-type=\"wp-page\" data-elementor-id=\"18\" class=\"elementor elementor-18\">\n\t\t\t\t<div class=\"elementor-element elementor-element-7c3db0a e-flex e-con-boxed e-con e-parent\" data-id=\"7c3db0a\" data-element_type=\"container\" data-e-type=\"container\" data-settings=\"{&quot;background_background&quot;:&quot;classic&quot;}\">\n\t\t\t\t\t<div class=\"e-con-inner\">\n\t\t<div class=\"elementor-element elementor-element-6d33dc43 e-con-full e-flex e-con e-child\" data-id=\"6d33dc43\" data-element_type=\"container\" data-e-type=\"container\">\n\t\t\t\t<div class=\"elementor-element elementor-element-66de911c elementor-widget elementor-widget-text-editor\" data-id=\"66de911c\" data-element_type=\"widget\" data-e-type=\"widget\" data-widget_type=\"text-editor.default\">\n\t\t\t\t\t\t\t\t\t<main class=\"main-content svelte-29epsp\"><div class=\"main-content svelte-mhuesr\"><div class=\"translator-container svelte-bad754\" data-testid=\"side-panel-translator\"><div class=\"output-area svelte-10aez33\" dir=\"ltr\" data-testid=\"side-panel-output\">LIGNES PERSONNELLES VIP<\/div><\/div><\/div><\/main>\t\t\t\t\t\t\t\t<\/div>\n\t\t\t\t<div class=\"elementor-element elementor-element-2ce2cc38 elementor-widget elementor-widget-heading\" data-id=\"2ce2cc38\" data-element_type=\"widget\" data-e-type=\"widget\" data-widget_type=\"heading.default\">\n\t\t\t\t\t<h1 class=\"elementor-heading-title elementor-size-default\">Une couverture compl\u00e8te et discr\u00e8te pour une client\u00e8le exigeante<\/h1>\t\t\t\t<\/div>\n\t\t\t\t<div class=\"elementor-element elementor-element-69718e6d elementor-widget elementor-widget-text-editor\" data-id=\"69718e6d\" data-element_type=\"widget\" data-e-type=\"widget\" data-widget_type=\"text-editor.default\">\n\t\t\t\t\t\t\t\t\t<main class=\"main-content svelte-29epsp\"><\/main><div class=\"main-content svelte-mhuesr\"><div class=\"translator-container svelte-bad754\" data-testid=\"side-panel-translator\"><div class=\"output-area svelte-10aez33\" dir=\"ltr\" data-testid=\"side-panel-output\"><p style=\"font-weight: 400;\">Pour les particuliers qui recherchent plus qu\u2019une simple police d\u2019assurance,\u00a0<strong>Assurance Performance<\/strong>\u00a0offre des\u00a0<strong>solutions personnalis\u00e9es haut de gamme<\/strong>, con\u00e7ues pour prot\u00e9ger vos biens de grande valeur et votre style de vie.<\/p><\/div><\/div><\/div>\t\t\t\t\t\t\t\t<\/div>\n\t\t\t\t<\/div>\n\t\t<div class=\"elementor-element elementor-element-3b386b6d e-con-full e-flex e-con e-child\" data-id=\"3b386b6d\" data-element_type=\"container\" data-e-type=\"container\">\n\t\t\t\t<div class=\"elementor-element elementor-element-41a64594 elementor-widget elementor-widget-image\" data-id=\"41a64594\" data-element_type=\"widget\" data-e-type=\"widget\" data-widget_type=\"image.default\">\n\t\t\t\t\t\t\t\t\t\t\t\t\t\t\t<img fetchpriority=\"high\" decoding=\"async\" width=\"1076\" height=\"632\" src=\"https:\/\/assuranceperformance.com\/wp-content\/uploads\/2025\/12\/VIP-PERSONAL-LINES.webp\" class=\"attachment-full size-full wp-image-485\" alt=\"\" srcset=\"https:\/\/assuranceperformance.com\/wp-content\/uploads\/2025\/12\/VIP-PERSONAL-LINES.webp 1076w, https:\/\/assuranceperformance.com\/wp-content\/uploads\/2025\/12\/VIP-PERSONAL-LINES-300x176.webp 300w, https:\/\/assuranceperformance.com\/wp-content\/uploads\/2025\/12\/VIP-PERSONAL-LINES-1024x601.webp 1024w, https:\/\/assuranceperformance.com\/wp-content\/uploads\/2025\/12\/VIP-PERSONAL-LINES-768x451.webp 768w\" sizes=\"(max-width: 1076px) 100vw, 1076px\" \/>\t\t\t\t\t\t\t\t\t\t\t\t\t\t\t<\/div>\n\t\t\t\t<\/div>\n\t\t\t\t\t<\/div>\n\t\t\t\t<\/div>\n\t\t<div class=\"elementor-element elementor-element-7346db8f e-flex e-con-boxed e-con e-parent\" data-id=\"7346db8f\" data-element_type=\"container\" data-e-type=\"container\">\n\t\t\t\t\t<div class=\"e-con-inner\">\n\t\t<div class=\"elementor-element elementor-element-d128b4b e-con-full e-flex e-con e-child\" data-id=\"d128b4b\" data-element_type=\"container\" data-e-type=\"container\">\n\t\t\t\t<div class=\"elementor-element elementor-element-d778ed7 elementor-widget elementor-widget-heading\" data-id=\"d778ed7\" data-element_type=\"widget\" data-e-type=\"widget\" data-widget_type=\"heading.default\">\n\t\t\t\t\t<h2 class=\"elementor-heading-title elementor-size-default\">Nous proposons une couverture sur mesure pour\n<\/h2>\t\t\t\t<\/div>\n\t\t\t\t<\/div>\n\t\t<div class=\"elementor-element elementor-element-7f76be3a e-con-full e-flex e-con e-child\" data-id=\"7f76be3a\" data-element_type=\"container\" data-e-type=\"container\" data-settings=\"{&quot;background_background&quot;:&quot;classic&quot;}\">\n\t\t\t\t<div class=\"elementor-element elementor-element-7939bba4 elementor-widget elementor-widget-heading\" data-id=\"7939bba4\" data-element_type=\"widget\" data-e-type=\"widget\" data-widget_type=\"heading.default\">\n\t\t\t\t\t<h3 class=\"elementor-heading-title elementor-size-default\">R\u00e9sidences et copropri\u00e9t\u00e9s haut de gamme <\/h3>\t\t\t\t<\/div>\n\t\t\t\t<div class=\"elementor-element elementor-element-4c0ff928 elementor-widget elementor-widget-text-editor\" data-id=\"4c0ff928\" data-element_type=\"widget\" data-e-type=\"widget\" data-widget_type=\"text-editor.default\">\n\t\t\t\t\t\t\t\t\t<p>Protection en valeur \u00e0 neuf garantie, option d\u2019indemnit\u00e9 en argent et assistance sinistre prioritaire.<\/p>\t\t\t\t\t\t\t\t<\/div>\n\t\t\t\t<\/div>\n\t\t<div class=\"elementor-element elementor-element-6cfae5e e-con-full e-flex e-con e-child\" data-id=\"6cfae5e\" data-element_type=\"container\" data-e-type=\"container\" data-settings=\"{&quot;background_background&quot;:&quot;classic&quot;}\">\n\t\t\t\t<div class=\"elementor-element elementor-element-30209e5a elementor-widget elementor-widget-heading\" data-id=\"30209e5a\" data-element_type=\"widget\" data-e-type=\"widget\" data-widget_type=\"heading.default\">\n\t\t\t\t\t<h3 class=\"elementor-heading-title elementor-size-default\">Automobiles de luxe et collections<\/h3>\t\t\t\t<\/div>\n\t\t\t\t<div class=\"elementor-element elementor-element-351ede8a elementor-widget elementor-widget-text-editor\" data-id=\"351ede8a\" data-element_type=\"widget\" data-e-type=\"widget\" data-widget_type=\"text-editor.default\">\n\t\t\t\t\t\t\t\t\t<p>Valeur agr\u00e9\u00e9e, pi\u00e8ces d\u2019origine, et programmes exclusifs pour voitures exotiques ou de collection.<\/p>\t\t\t\t\t\t\t\t<\/div>\n\t\t\t\t<\/div>\n\t\t<div class=\"elementor-element elementor-element-686fd606 e-con-full e-flex e-con e-child\" data-id=\"686fd606\" data-element_type=\"container\" data-e-type=\"container\" data-settings=\"{&quot;background_background&quot;:&quot;classic&quot;}\">\n\t\t\t\t<div class=\"elementor-element elementor-element-17985412 elementor-widget elementor-widget-heading\" data-id=\"17985412\" data-element_type=\"widget\" data-e-type=\"widget\" data-widget_type=\"heading.default\">\n\t\t\t\t\t<h3 class=\"elementor-heading-title elementor-size-default\">R\u00e9sidences secondaires et chalets<\/h3>\t\t\t\t<\/div>\n\t\t\t\t<div class=\"elementor-element elementor-element-73200c27 elementor-widget elementor-widget-text-editor\" data-id=\"73200c27\" data-element_type=\"widget\" data-e-type=\"widget\" data-widget_type=\"text-editor.default\">\n\t\t\t\t\t\t\t\t\t<p>Protection compl\u00e8te pour maisons de vacances ou propri\u00e9t\u00e9s locatives saisonni\u00e8res.<\/p>\t\t\t\t\t\t\t\t<\/div>\n\t\t\t\t<\/div>\n\t\t<div class=\"elementor-element elementor-element-388d71aa e-con-full e-flex e-con e-child\" data-id=\"388d71aa\" data-element_type=\"container\" data-e-type=\"container\" data-settings=\"{&quot;background_background&quot;:&quot;classic&quot;}\">\n\t\t\t\t<div class=\"elementor-element elementor-element-669f586 elementor-widget elementor-widget-heading\" data-id=\"669f586\" data-element_type=\"widget\" data-e-type=\"widget\" data-widget_type=\"heading.default\">\n\t\t\t\t\t<h3 class=\"elementor-heading-title elementor-size-default\">Programmes clients priv\u00e9s<\/h3>\t\t\t\t<\/div>\n\t\t\t\t<div class=\"elementor-element elementor-element-21412d58 elementor-widget elementor-widget-text-editor\" data-id=\"21412d58\" data-element_type=\"widget\" data-e-type=\"widget\" data-widget_type=\"text-editor.default\">\n\t\t\t\t\t\t\t\t\t<p>Regroupement habitation, automobile et responsabilit\u00e9 sous un m\u00eame dossier avec service VIP et gestion simplifi\u00e9e.<\/p>\t\t\t\t\t\t\t\t<\/div>\n\t\t\t\t<\/div>\n\t\t<div class=\"elementor-element elementor-element-4d1cc54b e-con-full e-flex e-con e-child\" data-id=\"4d1cc54b\" data-element_type=\"container\" data-e-type=\"container\" data-settings=\"{&quot;background_background&quot;:&quot;classic&quot;}\">\n\t\t\t\t<div class=\"elementor-element elementor-element-2d122632 elementor-widget elementor-widget-heading\" data-id=\"2d122632\" data-element_type=\"widget\" data-e-type=\"widget\" data-widget_type=\"heading.default\">\n\t\t\t\t\t<h3 class=\"elementor-heading-title elementor-size-default\">Bijoux, \u0153uvres d\u2019art et collections<\/h3>\t\t\t\t<\/div>\n\t\t\t\t<div class=\"elementor-element elementor-element-43ed143e elementor-widget elementor-widget-text-editor\" data-id=\"43ed143e\" data-element_type=\"widget\" data-e-type=\"widget\" data-widget_type=\"text-editor.default\">\n\t\t\t\t\t\t\t\t\t<p>Couverture mondiale sans expertise obligatoire sous certains montants.<\/p>\t\t\t\t\t\t\t\t<\/div>\n\t\t\t\t<\/div>\n\t\t<div class=\"elementor-element elementor-element-3b108be5 e-con-full e-flex e-con e-child\" data-id=\"3b108be5\" data-element_type=\"container\" data-e-type=\"container\" data-settings=\"{&quot;background_background&quot;:&quot;classic&quot;}\">\n\t\t\t\t<div class=\"elementor-element elementor-element-2a9be41 elementor-widget elementor-widget-heading\" data-id=\"2a9be41\" data-element_type=\"widget\" data-e-type=\"widget\" data-widget_type=\"heading.default\">\n\t\t\t\t\t<h3 class=\"elementor-heading-title elementor-size-default\">Protection accrue contre le refoulement d\u2019\u00e9gouts et les d\u00e9g\u00e2ts d\u2019eau<\/h3>\t\t\t\t<\/div>\n\t\t\t\t<div class=\"elementor-element elementor-element-43bbc1ae elementor-widget elementor-widget-text-editor\" data-id=\"43bbc1ae\" data-element_type=\"widget\" data-e-type=\"widget\" data-widget_type=\"text-editor.default\">\n\t\t\t\t\t\t\t\t\t<p>Limites \u00e9tendues et traitement prioritaire des r\u00e9clamations.<\/p>\t\t\t\t\t\t\t\t<\/div>\n\t\t\t\t<\/div>\n\t\t\t\t\t<\/div>\n\t\t\t\t<\/div>\n\t\t<div class=\"elementor-element elementor-element-319c8df1 e-flex e-con-boxed e-con e-parent\" data-id=\"319c8df1\" data-element_type=\"container\" data-e-type=\"container\">\n\t\t\t\t\t<div class=\"e-con-inner\">\n\t\t<div class=\"elementor-element elementor-element-4d8081fb e-con-full e-flex e-con e-child\" data-id=\"4d8081fb\" data-element_type=\"container\" data-e-type=\"container\">\n\t\t<div class=\"elementor-element elementor-element-7b51c60 e-con-full e-flex e-con e-child\" data-id=\"7b51c60\" data-element_type=\"container\" data-e-type=\"container\" data-settings=\"{&quot;background_background&quot;:&quot;classic&quot;}\">\n\t\t\t\t<div class=\"elementor-element elementor-element-56edcd87 elementor-widget elementor-widget-heading\" data-id=\"56edcd87\" data-element_type=\"widget\" data-e-type=\"widget\" data-widget_type=\"heading.default\">\n\t\t\t\t\t<h2 class=\"elementor-heading-title elementor-size-default\">Notre approche\n<\/h2>\t\t\t\t<\/div>\n\t\t\t\t<div class=\"elementor-element elementor-element-3775ae93 elementor-widget__width-initial elementor-widget elementor-widget-text-editor\" data-id=\"3775ae93\" data-element_type=\"widget\" data-e-type=\"widget\" data-widget_type=\"text-editor.default\">\n\t\t\t\t\t\t\t\t\t<main class=\"main-content svelte-29epsp\"><div class=\"main-content svelte-mhuesr\"><div class=\"translator-container svelte-bad754\" data-testid=\"side-panel-translator\"><div class=\"output-area svelte-10aez33\" dir=\"ltr\" data-testid=\"side-panel-output\">La couverture VIP ne se limite pas \u00e0 des limites plus \u00e9lev\u00e9es : elle comprend \u00e9galement un service personnalis\u00e9, des conseils proactifs et une gestion prudente de vos questions d&rsquo;assurance.<\/div><\/div><\/div><\/main>\t\t\t\t\t\t\t\t<\/div>\n\t\t\t\t<div class=\"elementor-element elementor-element-2e8e238f elementor-align-left elementor-widget elementor-widget-button\" data-id=\"2e8e238f\" data-element_type=\"widget\" data-e-type=\"widget\" data-widget_type=\"button.default\">\n\t\t\t\t\t\t\t\t\t\t<a class=\"elementor-button elementor-button-link elementor-size-sm\" href=\"https:\/\/assuranceperformance.com\/contact-us\/\">\n\t\t\t\t\t\t<span class=\"elementor-button-content-wrapper\">\n\t\t\t\t\t\t\t\t\t<span class=\"elementor-button-text\">Nous Joindre<\/span>\n\t\t\t\t\t<\/span>\n\t\t\t\t\t<\/a>\n\t\t\t\t\t\t\t\t<\/div>\n\t\t\t\t<\/div>\n\t\t\t\t<\/div>\n\t\t\t\t\t<\/div>\n\t\t\t\t<\/div>\n\t\t\t\t<\/div>\n\t\t","protected":false},"excerpt":{"rendered":"<p>LIGNES PERSONNELLES VIP Une couverture compl\u00e8te et discr\u00e8te pour une client\u00e8le exigeante Pour les particuliers qui recherchent plus qu\u2019une simple police d\u2019assurance,\u00a0Assurance Performance\u00a0offre des\u00a0solutions personnalis\u00e9es haut de gamme, con\u00e7ues pour prot\u00e9ger vos biens de grande valeur et votre style de vie. Nous proposons une couverture sur mesure pour R\u00e9sidences et copropri\u00e9t\u00e9s haut de gamme Protection [&hellip;]<\/p>\n","protected":false},"author":1,"featured_media":0,"parent":0,"menu_order":0,"comment_status":"closed","ping_status":"closed","template":"","meta":{"footnotes":""},"class_list":["post-18","page","type-page","status-publish","hentry"],"_links":{"self":[{"href":"https:\/\/assuranceperformance.com\/fr\/wp-json\/wp\/v2\/pages\/18","targetHints":{"allow":["GET"]}}],"collection":[{"href":"https:\/\/assuranceperformance.com\/fr\/wp-json\/wp\/v2\/pages"}],"about":[{"href":"https:\/\/assuranceperformance.com\/fr\/wp-json\/wp\/v2\/types\/page"}],"author":[{"embeddable":true,"href":"https:\/\/assuranceperformance.com\/fr\/wp-json\/wp\/v2\/users\/1"}],"replies":[{"embeddable":true,"href":"https:\/\/assuranceperformance.com\/fr\/wp-json\/wp\/v2\/comments?post=18"}],"version-history":[{"count":10,"href":"https:\/\/assuranceperformance.com\/fr\/wp-json\/wp\/v2\/pages\/18\/revisions"}],"predecessor-version":[{"id":747,"href":"https:\/\/assuranceperformance.com\/fr\/wp-json\/wp\/v2\/pages\/18\/revisions\/747"}],"wp:attachment":[{"href":"https:\/\/assuranceperformance.com\/fr\/wp-json\/wp\/v2\/media?parent=18"}],"curies":[{"name":"wp","href":"https:\/\/api.w.org\/{rel}","templated":true}]}}