{"id":15,"date":"2025-11-10T17:20:26","date_gmt":"2025-11-10T17:20:26","guid":{"rendered":"https:\/\/assuranceperformance.com\/?page_id=15"},"modified":"2025-12-15T14:54:28","modified_gmt":"2025-12-15T14:54:28","slug":"about-us","status":"publish","type":"page","link":"https:\/\/assuranceperformance.com\/fr\/about-us\/","title":{"rendered":"About Us"},"content":{"rendered":"\t\t<div data-elementor-type=\"wp-page\" data-elementor-id=\"15\" class=\"elementor elementor-15\">\n\t\t\t\t<div class=\"elementor-element elementor-element-4daad7e e-flex e-con-boxed e-con e-parent\" data-id=\"4daad7e\" data-element_type=\"container\" data-e-type=\"container\" data-settings=\"{&quot;background_background&quot;:&quot;classic&quot;}\">\n\t\t\t\t\t<div class=\"e-con-inner\">\n\t\t<div class=\"elementor-element elementor-element-4e30076 e-con-full e-flex e-con e-child\" data-id=\"4e30076\" data-element_type=\"container\" data-e-type=\"container\">\n\t\t\t\t<div class=\"elementor-element elementor-element-6c699c0 elementor-widget elementor-widget-text-editor\" data-id=\"6c699c0\" data-element_type=\"widget\" data-e-type=\"widget\" data-widget_type=\"text-editor.default\">\n\t\t\t\t\t\t\t\t\t<main class=\"main-content svelte-29epsp\"><div class=\"main-content svelte-mhuesr\"><div class=\"translator-container svelte-bad754\" data-testid=\"side-panel-translator\"><div class=\"output-area svelte-10aez33\" dir=\"ltr\" data-testid=\"side-panel-output\">Pourquoi choisir un courtier ind\u00e9pendant ?<\/div><\/div><\/div><\/main>\t\t\t\t\t\t\t\t<\/div>\n\t\t\t\t<div class=\"elementor-element elementor-element-ada7f23 elementor-widget elementor-widget-heading\" data-id=\"ada7f23\" data-element_type=\"widget\" data-e-type=\"widget\" data-widget_type=\"heading.default\">\n\t\t\t\t\t<h1 class=\"elementor-heading-title elementor-size-default\">Pourquoi travailler avec un courtier ind\u00e9pendant ?<\/h1>\t\t\t\t<\/div>\n\t\t\t\t<div class=\"elementor-element elementor-element-f59418f elementor-widget elementor-widget-text-editor\" data-id=\"f59418f\" data-element_type=\"widget\" data-e-type=\"widget\" data-widget_type=\"text-editor.default\">\n\t\t\t\t\t\t\t\t\t<p>Contrairement aux agents ou aux courtiers li\u00e9s qui repr\u00e9sentent un seul assureur, <strong>les courtiers ind\u00e9pendants travaillent pour vous, et non pour la compagnie d&rsquo;assurance.<\/strong><\/p><ul role=\"list\"><li>Nous n&rsquo;avons <strong>aucun lien financier<\/strong> ni aucune participation dans les compagnies d&rsquo;assurance.<\/li><li>Nous comparons les options propos\u00e9es par <strong>plusieurs assureurs<\/strong> afin de garantir des tarifs \u00e9quitables et une couverture compl\u00e8te.<\/li><li>Nous fournissons des <strong>conseils impartiaux<\/strong> adapt\u00e9s \u00e0 votre situation professionnelle ou personnelle.<\/li><li>Nous agissons en tant que votre <strong>repr\u00e9sentant<\/strong> lors des renouvellements et des r\u00e9clamations, afin de vous garantir l&rsquo;obtention de ce \u00e0 quoi vous avez droit.<\/li><\/ul><p>L&rsquo;ind\u00e9pendance est synonyme de <strong>loyaut\u00e9<\/strong> envers vous. C&rsquo;est ce qui distingue Assurance Performance.<\/p>\t\t\t\t\t\t\t\t<\/div>\n\t\t\t\t<\/div>\n\t\t<div class=\"elementor-element elementor-element-cb97199 e-con-full e-flex e-con e-child\" data-id=\"cb97199\" data-element_type=\"container\" data-e-type=\"container\">\n\t\t\t\t<div class=\"elementor-element elementor-element-770be6f elementor-widget elementor-widget-image\" data-id=\"770be6f\" data-element_type=\"widget\" data-e-type=\"widget\" data-widget_type=\"image.default\">\n\t\t\t\t\t\t\t\t\t\t\t\t\t\t\t<img fetchpriority=\"high\" decoding=\"async\" width=\"776\" height=\"864\" src=\"https:\/\/assuranceperformance.com\/wp-content\/uploads\/2025\/11\/Why-Work-With-an-Independent-Broker.webp\" class=\"attachment-large size-large wp-image-321\" alt=\"\" srcset=\"https:\/\/assuranceperformance.com\/wp-content\/uploads\/2025\/11\/Why-Work-With-an-Independent-Broker.webp 776w, https:\/\/assuranceperformance.com\/wp-content\/uploads\/2025\/11\/Why-Work-With-an-Independent-Broker-269x300.webp 269w, https:\/\/assuranceperformance.com\/wp-content\/uploads\/2025\/11\/Why-Work-With-an-Independent-Broker-768x855.webp 768w\" sizes=\"(max-width: 776px) 100vw, 776px\" \/>\t\t\t\t\t\t\t\t\t\t\t\t\t\t\t<\/div>\n\t\t\t\t<div class=\"elementor-element elementor-element-e1eb1af elementor-widget elementor-widget-text-editor\" data-id=\"e1eb1af\" data-element_type=\"widget\" data-e-type=\"widget\" data-widget_type=\"text-editor.default\">\n\t\t\t\t\t\t\t\t\t<p><em>Je travaille en \u00e9troite collaboration avec les chefs d&rsquo;entreprise afin d&rsquo;\u00e9laborer des solutions d&rsquo;assurance claires et pratiques qui correspondent r\u00e9ellement \u00e0 leurs besoins.\u00a0<\/em><\/p><p>Giancarlo Clemente, pr\u00e9sident<\/p>\t\t\t\t\t\t\t\t<\/div>\n\t\t\t\t<\/div>\n\t\t\t\t\t<\/div>\n\t\t\t\t<\/div>\n\t\t<div class=\"elementor-element elementor-element-74bf27b e-flex e-con-boxed e-con e-parent\" data-id=\"74bf27b\" data-element_type=\"container\" data-e-type=\"container\">\n\t\t\t\t\t<div class=\"e-con-inner\">\n\t\t<div class=\"elementor-element elementor-element-4e46ba4 e-con-full e-flex e-con e-child\" data-id=\"4e46ba4\" data-element_type=\"container\" data-e-type=\"container\">\n\t\t\t\t<div class=\"elementor-element elementor-element-b70c0f8 elementor-widget elementor-widget-heading\" data-id=\"b70c0f8\" data-element_type=\"widget\" data-e-type=\"widget\" data-widget_type=\"heading.default\">\n\t\t\t\t\t<h2 class=\"elementor-heading-title elementor-size-default\">Assurance Performance en chiffres<\/h2>\t\t\t\t<\/div>\n\t\t\t\t<\/div>\n\t\t<div class=\"elementor-element elementor-element-927402d e-con-full e-flex e-con e-child\" data-id=\"927402d\" data-element_type=\"container\" data-e-type=\"container\">\n\t\t\t\t<div class=\"elementor-element elementor-element-7eacab4 elementor-position-left elementor-position-left elementor-vertical-align-top elementor-widget elementor-widget-image-box\" data-id=\"7eacab4\" data-element_type=\"widget\" data-e-type=\"widget\" data-widget_type=\"image-box.default\">\n\t\t\t\t\t<div class=\"elementor-image-box-wrapper\"><figure class=\"elementor-image-box-img\"><img decoding=\"async\" width=\"160\" height=\"200\" src=\"https:\/\/assuranceperformance.com\/wp-content\/uploads\/2025\/11\/Protect.webp\" class=\"attachment-full size-full wp-image-323\" alt=\"\" \/><\/figure><div class=\"elementor-image-box-content\"><h3 class=\"elementor-image-box-title\">+20<\/h3><p class=\"elementor-image-box-description\">Assureurs\n<\/p><\/div><\/div>\t\t\t\t<\/div>\n\t\t\t\t<\/div>\n\t\t<div class=\"elementor-element elementor-element-94ba70c e-con-full e-flex e-con e-child\" data-id=\"94ba70c\" data-element_type=\"container\" data-e-type=\"container\">\n\t\t\t\t<div class=\"elementor-element elementor-element-8a43c95 elementor-position-left elementor-position-left elementor-vertical-align-top elementor-widget elementor-widget-image-box\" data-id=\"8a43c95\" data-element_type=\"widget\" data-e-type=\"widget\" data-widget_type=\"image-box.default\">\n\t\t\t\t\t<div class=\"elementor-image-box-wrapper\"><figure class=\"elementor-image-box-img\"><img decoding=\"async\" width=\"160\" height=\"200\" src=\"https:\/\/assuranceperformance.com\/wp-content\/uploads\/2025\/11\/Administrator-Male.webp\" class=\"attachment-full size-full wp-image-317\" alt=\"\" \/><\/figure><div class=\"elementor-image-box-content\"><h3 class=\"elementor-image-box-title\">+25 <span style=\"font-size: 35px!important;margin-left: -9px\">ans<\/span><\/h3><p class=\"elementor-image-box-description\">Ann\u00e9es d'exp\u00e9rience cumul\u00e9es<\/p><\/div><\/div>\t\t\t\t<\/div>\n\t\t\t\t<\/div>\n\t\t<div class=\"elementor-element elementor-element-8b5575d e-con-full e-flex e-con e-child\" data-id=\"8b5575d\" data-element_type=\"container\" data-e-type=\"container\">\n\t\t\t\t<div class=\"elementor-element elementor-element-45ab459 elementor-position-left elementor-position-left elementor-vertical-align-top elementor-widget elementor-widget-image-box\" data-id=\"45ab459\" data-element_type=\"widget\" data-e-type=\"widget\" data-widget_type=\"image-box.default\">\n\t\t\t\t\t<div class=\"elementor-image-box-wrapper\"><figure class=\"elementor-image-box-img\"><img loading=\"lazy\" decoding=\"async\" width=\"156\" height=\"200\" src=\"https:\/\/assuranceperformance.com\/wp-content\/uploads\/2025\/11\/Banknotes.webp\" class=\"attachment-full size-full wp-image-324\" alt=\"\" \/><\/figure><div class=\"elementor-image-box-content\"><h3 class=\"elementor-image-box-title\">$500M<\/h3><p class=\"elementor-image-box-description\">En valeurs assur\u00e9es annuellement\n<\/p><\/div><\/div>\t\t\t\t<\/div>\n\t\t\t\t<\/div>\n\t\t\t\t\t<\/div>\n\t\t\t\t<\/div>\n\t\t<div class=\"elementor-element elementor-element-83e7a0e e-flex e-con-boxed e-con e-parent\" data-id=\"83e7a0e\" data-element_type=\"container\" data-e-type=\"container\" data-settings=\"{&quot;background_background&quot;:&quot;gradient&quot;}\">\n\t\t\t\t\t<div class=\"e-con-inner\">\n\t\t<div class=\"elementor-element elementor-element-2b362cb e-con-full e-flex e-con e-child\" data-id=\"2b362cb\" data-element_type=\"container\" data-e-type=\"container\" data-settings=\"{&quot;background_background&quot;:&quot;classic&quot;}\">\n\t\t\t\t<div class=\"elementor-element elementor-element-fdf5468 elementor-widget elementor-widget-text-editor\" data-id=\"fdf5468\" data-element_type=\"widget\" data-e-type=\"widget\" data-widget_type=\"text-editor.default\">\n\t\t\t\t\t\t\t\t\t<main class=\"main-content svelte-29epsp\"><div class=\"main-content svelte-mhuesr\"><div class=\"translator-container svelte-bad754\" data-testid=\"side-panel-translator\"><div class=\"output-area svelte-10aez33\" dir=\"ltr\" data-testid=\"side-panel-output\">Notre promesse envers vous<\/div><\/div><\/div><\/main>\t\t\t\t\t\t\t\t<\/div>\n\t\t\t\t<div class=\"elementor-element elementor-element-aaa03e6 elementor-widget elementor-widget-heading\" data-id=\"aaa03e6\" data-element_type=\"widget\" data-e-type=\"widget\" data-widget_type=\"heading.default\">\n\t\t\t\t\t<h2 class=\"elementor-heading-title elementor-size-default\">Chez Assurance Performance<\/h2>\t\t\t\t<\/div>\n\t\t\t\t<div class=\"elementor-element elementor-element-cc059e6 elementor-widget elementor-widget-text-editor\" data-id=\"cc059e6\" data-element_type=\"widget\" data-e-type=\"widget\" data-widget_type=\"text-editor.default\">\n\t\t\t\t\t\t\t\t\t<p>Chez Assurance Performance, nous croyons que la confiance se gagne gr\u00e2ce \u00e0 la transparence, \u00e0 l&rsquo;expertise et aux r\u00e9sultats.<br \/>Nous travaillons exclusivement avec des assureurs canadiens r\u00e9put\u00e9s, reconnus pour leur solidit\u00e9 financi\u00e8re, leur service de r\u00e8glement des sinistres r\u00e9actif et leur stabilit\u00e9 \u00e0 long terme.<\/p><p>Notre promesse est simple :<\/p><ul role=\"list\"><li>Repr\u00e9senter <strong>vos int\u00e9r\u00eats<\/strong> \u00e0 chaque \u00e9tape, du devis \u00e0 la r\u00e9clamation.<\/li><li>Vous fournir des <strong>conseils clairs et personnalis\u00e9s<\/strong> qui prot\u00e8gent vos actifs et votre tranquillit\u00e9 d&rsquo;esprit.<\/li><li>Offrir un <strong>service r\u00e9actif et personnalis\u00e9<\/strong> \u2014 chaque client compte.<\/li><\/ul><p>Que vous assuriez votre entreprise, votre portefeuille immobilier ou vos biens personnels, vous pouvez<br \/>compter sur <strong>Assurance Performance<\/strong> pour obtenir des conseils ind\u00e9pendants et un soutien sans faille.<\/p>\t\t\t\t\t\t\t\t<\/div>\n\t\t\t\t<div class=\"elementor-element elementor-element-0149cfd elementor-align-left elementor-widget elementor-widget-button\" data-id=\"0149cfd\" data-element_type=\"widget\" data-e-type=\"widget\" data-widget_type=\"button.default\">\n\t\t\t\t\t\t\t\t\t\t<a class=\"elementor-button elementor-button-link elementor-size-sm\" href=\"https:\/\/assuranceperformance.com\/contact-us\/\">\n\t\t\t\t\t\t<span class=\"elementor-button-content-wrapper\">\n\t\t\t\t\t\t\t\t\t<span class=\"elementor-button-text\">Nous Joindre<\/span>\n\t\t\t\t\t<\/span>\n\t\t\t\t\t<\/a>\n\t\t\t\t\t\t\t\t<\/div>\n\t\t\t\t<\/div>\n\t\t\t\t\t<\/div>\n\t\t\t\t<\/div>\n\t\t\t\t<\/div>\n\t\t","protected":false},"excerpt":{"rendered":"<p>Pourquoi choisir un courtier ind\u00e9pendant ? Pourquoi travailler avec un courtier ind\u00e9pendant ? Contrairement aux agents ou aux courtiers li\u00e9s qui repr\u00e9sentent un seul assureur, les courtiers ind\u00e9pendants travaillent pour vous, et non pour la compagnie d&rsquo;assurance. Nous n&rsquo;avons aucun lien financier ni aucune participation dans les compagnies d&rsquo;assurance. Nous comparons les options propos\u00e9es par [&hellip;]<\/p>\n","protected":false},"author":1,"featured_media":0,"parent":0,"menu_order":0,"comment_status":"closed","ping_status":"closed","template":"","meta":{"footnotes":""},"class_list":["post-15","page","type-page","status-publish","hentry"],"_links":{"self":[{"href":"https:\/\/assuranceperformance.com\/fr\/wp-json\/wp\/v2\/pages\/15","targetHints":{"allow":["GET"]}}],"collection":[{"href":"https:\/\/assuranceperformance.com\/fr\/wp-json\/wp\/v2\/pages"}],"about":[{"href":"https:\/\/assuranceperformance.com\/fr\/wp-json\/wp\/v2\/types\/page"}],"author":[{"embeddable":true,"href":"https:\/\/assuranceperformance.com\/fr\/wp-json\/wp\/v2\/users\/1"}],"replies":[{"embeddable":true,"href":"https:\/\/assuranceperformance.com\/fr\/wp-json\/wp\/v2\/comments?post=15"}],"version-history":[{"count":40,"href":"https:\/\/assuranceperformance.com\/fr\/wp-json\/wp\/v2\/pages\/15\/revisions"}],"predecessor-version":[{"id":780,"href":"https:\/\/assuranceperformance.com\/fr\/wp-json\/wp\/v2\/pages\/15\/revisions\/780"}],"wp:attachment":[{"href":"https:\/\/assuranceperformance.com\/fr\/wp-json\/wp\/v2\/media?parent=15"}],"curies":[{"name":"wp","href":"https:\/\/api.w.org\/{rel}","templated":true}]}}