{"id":12,"date":"2025-11-10T17:14:32","date_gmt":"2025-11-10T17:14:32","guid":{"rendered":"https:\/\/assuranceperformance.com\/?page_id=12"},"modified":"2026-03-19T09:22:18","modified_gmt":"2026-03-19T09:22:18","slug":"home","status":"publish","type":"page","link":"https:\/\/assuranceperformance.com\/fr\/","title":{"rendered":"Home"},"content":{"rendered":"\t\t<div data-elementor-type=\"wp-page\" data-elementor-id=\"12\" class=\"elementor elementor-12\">\n\t\t\t\t<div class=\"elementor-element elementor-element-1511f56 e-flex e-con-boxed e-con e-parent\" data-id=\"1511f56\" data-element_type=\"container\" data-e-type=\"container\" data-settings=\"{&quot;background_background&quot;:&quot;classic&quot;}\">\n\t\t\t\t\t<div class=\"e-con-inner\">\n\t\t<div class=\"elementor-element elementor-element-ae7ce1d e-con-full e-flex e-con e-child\" data-id=\"ae7ce1d\" data-element_type=\"container\" data-e-type=\"container\">\n\t\t\t\t<div class=\"elementor-element elementor-element-a747247 elementor-widget elementor-widget-heading\" data-id=\"a747247\" data-element_type=\"widget\" data-e-type=\"widget\" data-widget_type=\"heading.default\">\n\t\t\t\t\t<h1 class=\"elementor-heading-title elementor-size-default\">Confiance. Expertise. Ind\u00e9pendance.<\/h1>\t\t\t\t<\/div>\n\t\t\t\t<div class=\"elementor-element elementor-element-1f72731 elementor-widget elementor-widget-text-editor\" data-id=\"1f72731\" data-element_type=\"widget\" data-e-type=\"widget\" data-widget_type=\"text-editor.default\">\n\t\t\t\t\t\t\t\t\t<p>Votre courtier d&rsquo;assurance de confiance au Qu\u00e9bec.<\/p>\t\t\t\t\t\t\t\t<\/div>\n\t\t<div class=\"elementor-element elementor-element-e2aaccb e-con-full e-flex e-con e-child\" data-id=\"e2aaccb\" data-element_type=\"container\" data-e-type=\"container\">\n\t\t<div class=\"elementor-element elementor-element-a7de00b e-con-full e-flex e-con e-child\" data-id=\"a7de00b\" data-element_type=\"container\" data-e-type=\"container\">\n\t\t\t\t<div class=\"elementor-element elementor-element-543a8c2 elementor-align-left elementor-widget elementor-widget-button\" data-id=\"543a8c2\" data-element_type=\"widget\" data-e-type=\"widget\" data-widget_type=\"button.default\">\n\t\t\t\t\t\t\t\t\t\t<a class=\"elementor-button elementor-button-link elementor-size-sm\" href=\"https:\/\/assuranceperformance.com\/contact-us\/\">\n\t\t\t\t\t\t<span class=\"elementor-button-content-wrapper\">\n\t\t\t\t\t\t\t\t\t<span class=\"elementor-button-text\">Nous Joindre<\/span>\n\t\t\t\t\t<\/span>\n\t\t\t\t\t<\/a>\n\t\t\t\t\t\t\t\t<\/div>\n\t\t\t\t<\/div>\n\t\t<div class=\"elementor-element elementor-element-0db19bf e-con-full e-flex e-con e-child\" data-id=\"0db19bf\" data-element_type=\"container\" data-e-type=\"container\">\n\t\t\t\t<div class=\"elementor-element elementor-element-44d68bb elementor-widget elementor-widget-button\" data-id=\"44d68bb\" data-element_type=\"widget\" data-e-type=\"widget\" data-widget_type=\"button.default\">\n\t\t\t\t\t\t\t\t\t\t<a class=\"elementor-button elementor-button-link elementor-size-sm\" href=\"https:\/\/assuranceperformance.com\/about-us\/\">\n\t\t\t\t\t\t<span class=\"elementor-button-content-wrapper\">\n\t\t\t\t\t\t\t\t\t<span class=\"elementor-button-text\">\u00c0 propos de nous<\/span>\n\t\t\t\t\t<\/span>\n\t\t\t\t\t<\/a>\n\t\t\t\t\t\t\t\t<\/div>\n\t\t\t\t<\/div>\n\t\t\t\t<\/div>\n\t\t\t\t<\/div>\n\t\t\t\t\t<\/div>\n\t\t\t\t<\/div>\n\t\t<div class=\"elementor-element elementor-element-53bc4e3 e-flex e-con-boxed e-con e-parent\" data-id=\"53bc4e3\" data-element_type=\"container\" data-e-type=\"container\" data-settings=\"{&quot;background_background&quot;:&quot;classic&quot;}\">\n\t\t\t\t\t<div class=\"e-con-inner\">\n\t\t<div class=\"elementor-element elementor-element-f683295 e-con-full e-flex e-con e-child\" data-id=\"f683295\" data-element_type=\"container\" data-e-type=\"container\">\n\t\t\t\t<div class=\"elementor-element elementor-element-737db38 elementor-widget elementor-widget-image\" data-id=\"737db38\" data-element_type=\"widget\" data-e-type=\"widget\" data-widget_type=\"image.default\">\n\t\t\t\t\t\t\t\t\t\t\t\t\t\t\t<img fetchpriority=\"high\" decoding=\"async\" width=\"442\" height=\"467\" src=\"https:\/\/assuranceperformance.com\/wp-content\/uploads\/2025\/11\/image_2.webp\" class=\"attachment-large size-large wp-image-104\" alt=\"\" srcset=\"https:\/\/assuranceperformance.com\/wp-content\/uploads\/2025\/11\/image_2.webp 442w, https:\/\/assuranceperformance.com\/wp-content\/uploads\/2025\/11\/image_2-284x300.webp 284w\" sizes=\"(max-width: 442px) 100vw, 442px\" \/>\t\t\t\t\t\t\t\t\t\t\t\t\t\t\t<\/div>\n\t\t\t\t<\/div>\n\t\t<div class=\"elementor-element elementor-element-b9f426f e-con-full e-flex e-con e-child\" data-id=\"b9f426f\" data-element_type=\"container\" data-e-type=\"container\">\n\t\t\t\t<div class=\"elementor-element elementor-element-df00ed7 elementor-widget elementor-widget-heading\" data-id=\"df00ed7\" data-element_type=\"widget\" data-e-type=\"widget\" data-widget_type=\"heading.default\">\n\t\t\t\t\t<h2 class=\"elementor-heading-title elementor-size-default\">Assurance des entreprises et des biens haute valeur<\/h2>\t\t\t\t<\/div>\n\t\t\t\t<div class=\"elementor-element elementor-element-7cacaaa elementor-widget elementor-widget-text-editor\" data-id=\"7cacaaa\" data-element_type=\"widget\" data-e-type=\"widget\" data-widget_type=\"text-editor.default\">\n\t\t\t\t\t\t\t\t\t<p>Nous offrons une protection sur mesure aux propri\u00e9taires d&rsquo;entreprise, aux investisseurs immobiliers et aux clients fortun\u00e9s. En tant que courtiers ind\u00e9pendants, nous n\u00e9gocions avec plusieurs assureurs afin d&rsquo;obtenir la couverture la plus comp\u00e9titive pour vos besoins. Prot\u00e9gez ce que vous avez b\u00e2ti.<\/p>\t\t\t\t\t\t\t\t<\/div>\n\t\t\t\t<div class=\"elementor-element elementor-element-7c8587f elementor-align-left elementor-widget elementor-widget-button\" data-id=\"7c8587f\" data-element_type=\"widget\" data-e-type=\"widget\" data-widget_type=\"button.default\">\n\t\t\t\t\t\t\t\t\t\t<a class=\"elementor-button elementor-button-link elementor-size-sm\" href=\"https:\/\/assuranceperformance.com\/contact-us\/\">\n\t\t\t\t\t\t<span class=\"elementor-button-content-wrapper\">\n\t\t\t\t\t\t\t\t\t<span class=\"elementor-button-text\">Services<\/span>\n\t\t\t\t\t<\/span>\n\t\t\t\t\t<\/a>\n\t\t\t\t\t\t\t\t<\/div>\n\t\t\t\t<\/div>\n\t\t\t\t\t<\/div>\n\t\t\t\t<\/div>\n\t\t<div class=\"elementor-element elementor-element-985fbfa e-flex e-con-boxed e-con e-parent\" data-id=\"985fbfa\" data-element_type=\"container\" data-e-type=\"container\" data-settings=\"{&quot;background_background&quot;:&quot;gradient&quot;}\">\n\t\t\t\t\t<div class=\"e-con-inner\">\n\t\t\t\t<div class=\"elementor-element elementor-element-4e96780 elementor-widget elementor-widget-text-editor\" data-id=\"4e96780\" data-element_type=\"widget\" data-e-type=\"widget\" data-widget_type=\"text-editor.default\">\n\t\t\t\t\t\t\t\t\t<p><span lang=\"EN-CA\"><i>L\u2019assurance de notre immeuble commercial a \u00e9t\u00e9 restructur\u00e9e avec de meilleures protections et des conditions plus claires. Nous avons enfin pleine confiance en notre couverture.<\/i><br \/><\/span><\/p><p><strong>\u00a0<\/strong><\/p><p style=\"font-weight: 400;\">\u2014\u00a0<strong>Propri\u00e9taire d\u2019immeuble commercial, Montr\u00e9al<\/strong><\/p>\t\t\t\t\t\t\t\t<\/div>\n\t\t\t\t<div class=\"elementor-element elementor-element-80567cf elementor-widget elementor-widget-text-editor\" data-id=\"80567cf\" data-element_type=\"widget\" data-e-type=\"widget\" data-widget_type=\"text-editor.default\">\n\t\t\t\t\t\t\t\t\t<p style=\"font-weight: 400;\"><i>Rapidit\u00e9 d\u2019ex\u00e9cution et une couverture parfaitement adapt\u00e9e \u00e0 nos op\u00e9rations. Il est rassurant de travailler avec un courtier qui comprend la r\u00e9alit\u00e9 des entrepreneurs et anticipe les risques.<\/i><\/p><p>\u00a0<\/p><p style=\"font-weight: 400;\">\u2014\u00a0<strong>Entrepreneur \u00e9lectricien, Laval<\/strong><\/p>\t\t\t\t\t\t\t\t<\/div>\n\t\t\t\t\t<\/div>\n\t\t\t\t<\/div>\n\t\t<div class=\"elementor-element elementor-element-a1c8f70 e-flex e-con-boxed e-con e-parent\" data-id=\"a1c8f70\" data-element_type=\"container\" data-e-type=\"container\" data-settings=\"{&quot;background_background&quot;:&quot;gradient&quot;}\">\n\t\t\t\t\t<div class=\"e-con-inner\">\n\t\t<div class=\"elementor-element elementor-element-15fd69b e-con-full e-flex e-con e-child\" data-id=\"15fd69b\" data-element_type=\"container\" data-e-type=\"container\">\n\t\t\t\t<div class=\"elementor-element elementor-element-dfc2784 elementor-widget elementor-widget-heading\" data-id=\"dfc2784\" data-element_type=\"widget\" data-e-type=\"widget\" data-widget_type=\"heading.default\">\n\t\t\t\t\t<h2 class=\"elementor-heading-title elementor-size-default\">Assurance Performance<\/h2>\t\t\t\t<\/div>\n\t\t\t\t<div class=\"elementor-element elementor-element-91f384b elementor-widget elementor-widget-text-editor\" data-id=\"91f384b\" data-element_type=\"widget\" data-e-type=\"widget\" data-widget_type=\"text-editor.default\">\n\t\t\t\t\t\t\t\t\t<p>Il s&rsquo;agit d&rsquo;une soci\u00e9t\u00e9 de courtage en assurance de dommages agr\u00e9\u00e9e au Qu\u00e9bec et r\u00e9glement\u00e9e par l&rsquo;Autorit\u00e9 des march\u00e9s financiers (AMF).<\/p><p>De Montr\u00e9al \u00e0 Qu\u00e9bec, de Gatineau \u00e0 Saguenay, notre \u00e9quipe exp\u00e9riment\u00e9e est fi\u00e8re de servir ses clients dans toute la province, en leur offrant un service bilingue et un soutien expert, o\u00f9 qu&rsquo;ils se trouvent.<\/p>\t\t\t\t\t\t\t\t<\/div>\n\t\t\t\t<div class=\"elementor-element elementor-element-d4b7e33 elementor-align-left elementor-widget elementor-widget-button\" data-id=\"d4b7e33\" data-element_type=\"widget\" data-e-type=\"widget\" data-widget_type=\"button.default\">\n\t\t\t\t\t\t\t\t\t\t<a class=\"elementor-button elementor-button-link elementor-size-sm\" href=\"https:\/\/assuranceperformance.com\/contact-us\/\">\n\t\t\t\t\t\t<span class=\"elementor-button-content-wrapper\">\n\t\t\t\t\t\t\t\t\t<span class=\"elementor-button-text\">Nous Joindre<\/span>\n\t\t\t\t\t<\/span>\n\t\t\t\t\t<\/a>\n\t\t\t\t\t\t\t\t<\/div>\n\t\t\t\t<\/div>\n\t\t<div class=\"elementor-element elementor-element-2358a81 e-con-full e-flex e-con e-child\" data-id=\"2358a81\" data-element_type=\"container\" data-e-type=\"container\">\n\t\t\t\t<div class=\"elementor-element elementor-element-ebc364d elementor-widget elementor-widget-image\" data-id=\"ebc364d\" data-element_type=\"widget\" data-e-type=\"widget\" data-widget_type=\"image.default\">\n\t\t\t\t\t\t\t\t\t\t\t\t\t\t\t<img decoding=\"async\" width=\"597\" height=\"398\" src=\"https:\/\/assuranceperformance.com\/wp-content\/uploads\/2025\/11\/greater_montreal.webp\" class=\"attachment-large size-large wp-image-118\" alt=\"\" srcset=\"https:\/\/assuranceperformance.com\/wp-content\/uploads\/2025\/11\/greater_montreal.webp 597w, https:\/\/assuranceperformance.com\/wp-content\/uploads\/2025\/11\/greater_montreal-300x200.webp 300w\" sizes=\"(max-width: 597px) 100vw, 597px\" \/>\t\t\t\t\t\t\t\t\t\t\t\t\t\t\t<\/div>\n\t\t\t\t<\/div>\n\t\t\t\t\t<\/div>\n\t\t\t\t<\/div>\n\t\t<div class=\"elementor-element elementor-element-b01026f e-flex e-con-boxed e-con e-parent\" data-id=\"b01026f\" data-element_type=\"container\" data-e-type=\"container\">\n\t\t\t\t\t<div class=\"e-con-inner\">\n\t\t<div class=\"elementor-element elementor-element-2d5f630 e-con-full e-flex e-con e-child\" data-id=\"2d5f630\" data-element_type=\"container\" data-e-type=\"container\" data-settings=\"{&quot;background_background&quot;:&quot;classic&quot;}\">\n\t\t\t\t<div class=\"elementor-element elementor-element-fa350e3 elementor-widget elementor-widget-heading\" data-id=\"fa350e3\" data-element_type=\"widget\" data-e-type=\"widget\" data-widget_type=\"heading.default\">\n\t\t\t\t\t<h2 class=\"elementor-heading-title elementor-size-default\">Votre entreprise \u00e9volue. <\/br>\u2028Votre assurance devrait en faire autant.\n<\/h2>\t\t\t\t<\/div>\n\t\t\t\t<div class=\"elementor-element elementor-element-9673bd5 elementor-align-left elementor-widget elementor-widget-button\" data-id=\"9673bd5\" data-element_type=\"widget\" data-e-type=\"widget\" data-widget_type=\"button.default\">\n\t\t\t\t\t\t\t\t\t\t<a class=\"elementor-button elementor-button-link elementor-size-sm\" href=\"https:\/\/assuranceperformance.com\/contact-us\/\">\n\t\t\t\t\t\t<span class=\"elementor-button-content-wrapper\">\n\t\t\t\t\t\t\t\t\t<span class=\"elementor-button-text\">Nous Joindre<\/span>\n\t\t\t\t\t<\/span>\n\t\t\t\t\t<\/a>\n\t\t\t\t\t\t\t\t<\/div>\n\t\t\t\t<\/div>\n\t\t\t\t\t<\/div>\n\t\t\t\t<\/div>\n\t\t\t\t<\/div>\n\t\t","protected":false},"excerpt":{"rendered":"<p>Confiance. Expertise. Ind\u00e9pendance. Votre courtier d&rsquo;assurance de confiance au Qu\u00e9bec. Nous Joindre \u00c0 propos de nous Assurance des entreprises et des biens haute valeur Nous offrons une protection sur mesure aux propri\u00e9taires d&rsquo;entreprise, aux investisseurs immobiliers et aux clients fortun\u00e9s. En tant que courtiers ind\u00e9pendants, nous n\u00e9gocions avec plusieurs assureurs afin d&rsquo;obtenir la couverture la [&hellip;]<\/p>\n","protected":false},"author":1,"featured_media":0,"parent":0,"menu_order":0,"comment_status":"closed","ping_status":"closed","template":"","meta":{"footnotes":""},"class_list":["post-12","page","type-page","status-publish","hentry"],"_links":{"self":[{"href":"https:\/\/assuranceperformance.com\/fr\/wp-json\/wp\/v2\/pages\/12","targetHints":{"allow":["GET"]}}],"collection":[{"href":"https:\/\/assuranceperformance.com\/fr\/wp-json\/wp\/v2\/pages"}],"about":[{"href":"https:\/\/assuranceperformance.com\/fr\/wp-json\/wp\/v2\/types\/page"}],"author":[{"embeddable":true,"href":"https:\/\/assuranceperformance.com\/fr\/wp-json\/wp\/v2\/users\/1"}],"replies":[{"embeddable":true,"href":"https:\/\/assuranceperformance.com\/fr\/wp-json\/wp\/v2\/comments?post=12"}],"version-history":[{"count":169,"href":"https:\/\/assuranceperformance.com\/fr\/wp-json\/wp\/v2\/pages\/12\/revisions"}],"predecessor-version":[{"id":788,"href":"https:\/\/assuranceperformance.com\/fr\/wp-json\/wp\/v2\/pages\/12\/revisions\/788"}],"wp:attachment":[{"href":"https:\/\/assuranceperformance.com\/fr\/wp-json\/wp\/v2\/media?parent=12"}],"curies":[{"name":"wp","href":"https:\/\/api.w.org\/{rel}","templated":true}]}}