{"id":648,"date":"2025-12-13T16:38:09","date_gmt":"2025-12-13T16:38:09","guid":{"rendered":"https:\/\/assuranceperformance.com\/?page_id=648"},"modified":"2025-12-14T15:23:08","modified_gmt":"2025-12-14T15:23:08","slug":"complaint-handling-and-dispute-resolution-policy","status":"publish","type":"page","link":"https:\/\/assuranceperformance.com\/en\/complaint-handling-and-dispute-resolution-policy\/","title":{"rendered":"Complaint Handling and Dispute Resolution Policy"},"content":{"rendered":"<div data-elementor-type=\"wp-page\" data-elementor-id=\"648\" class=\"elementor elementor-648\">\n\t\t\t\t<div class=\"elementor-element elementor-element-f696e34 e-flex e-con-boxed e-con e-parent\" data-id=\"f696e34\" data-element_type=\"container\" data-e-type=\"container\" data-settings=\"{&quot;background_background&quot;:&quot;classic&quot;}\">\n\t\t\t\t\t<div class=\"e-con-inner\">\n\t\t\t\t<div class=\"elementor-element elementor-element-91d4678 elementor-widget elementor-widget-heading\" data-id=\"91d4678\" data-element_type=\"widget\" data-e-type=\"widget\" data-widget_type=\"heading.default\">\n\t\t\t\t\t<h1 class=\"elementor-heading-title elementor-size-default\">Politique de traitement des plaintes et de r\u00e9solution des litiges\n<\/h1>\t\t\t\t<\/div>\n\t\t\t\t<div class=\"elementor-element elementor-element-ef32402 elementor-widget elementor-widget-heading\" data-id=\"ef32402\" data-element_type=\"widget\" data-e-type=\"widget\" data-widget_type=\"heading.default\">\n\t\t\t\t\t<h2 class=\"elementor-heading-title elementor-size-default\">Performance en mati\u00e8re d'assurance.<\/h2>\t\t\t\t<\/div>\n\t\t\t\t<div class=\"elementor-element elementor-element-7c35e05 elementor-widget elementor-widget-heading\" data-id=\"7c35e05\" data-element_type=\"widget\" data-e-type=\"widget\" data-widget_type=\"heading.default\">\n\t\t\t\t\t<h2 class=\"elementor-heading-title elementor-size-default\">D\u00e9poser une plainte concernant nos services\n<\/h2>\t\t\t\t<\/div>\n\t\t\t\t<div class=\"elementor-element elementor-element-e4b6629 elementor-widget elementor-widget-text-editor\" data-id=\"e4b6629\" data-element_type=\"widget\" data-e-type=\"widget\" data-widget_type=\"text-editor.default\">\n\t\t\t\t\t\t\t\t\t<main class=\"main-content svelte-29epsp\"><div class=\"main-content svelte-mhuesr\"><div class=\"translator-container svelte-bad754\" data-testid=\"side-panel-translator\"><div class=\"output-area svelte-10aez33\" dir=\"ltr\" data-testid=\"side-panel-output\">Nous veillons \u00e0 ce que les plaintes soient trait\u00e9es rapidement et dans les meilleurs d\u00e9lais.<\/div><\/div><\/div><\/main>\t\t\t\t\t\t\t\t<\/div>\n\t\t\t\t<div class=\"elementor-element elementor-element-02d5435 elementor-widget elementor-widget-heading\" data-id=\"02d5435\" data-element_type=\"widget\" data-e-type=\"widget\" data-widget_type=\"heading.default\">\n\t\t\t\t\t<h2 class=\"elementor-heading-title elementor-size-default\">Qu'est-ce qu'une plainte ?<\/h2>\t\t\t\t<\/div>\n\t\t\t\t<div class=\"elementor-element elementor-element-d04a07c elementor-widget elementor-widget-text-editor\" data-id=\"d04a07c\" data-element_type=\"widget\" data-e-type=\"widget\" data-widget_type=\"text-editor.default\">\n\t\t\t\t\t\t\t\t\t<p>Une r\u00e9clamation est une communication qui exprime une insatisfaction ou une critique \u00e0 l&rsquo;\u00e9gard d&rsquo;un service ou d&rsquo;un produit que nous offrons et une attente, explicite ou implicite, que des mesures soient prises pour rem\u00e9dier \u00e0 la situation ou y r\u00e9pondre.<\/p><p>C&rsquo;est le cas, par exemple, lorsque vous demandez un remboursement ou que vous souhaitez que nous prenions des mesures pour rem\u00e9dier \u00e0 la situation qui a donn\u00e9 lieu \u00e0 la r\u00e9clamation.<\/p>\t\t\t\t\t\t\t\t<\/div>\n\t\t\t\t<div class=\"elementor-element elementor-element-0294842 elementor-widget elementor-widget-heading\" data-id=\"0294842\" data-element_type=\"widget\" data-e-type=\"widget\" data-widget_type=\"heading.default\">\n\t\t\t\t\t<h2 class=\"elementor-heading-title elementor-size-default\">Comment d\u00e9poser une plainte\n<\/h2>\t\t\t\t<\/div>\n\t\t\t\t<div class=\"elementor-element elementor-element-75dfad3 elementor-widget elementor-widget-text-editor\" data-id=\"75dfad3\" data-element_type=\"widget\" data-e-type=\"widget\" data-widget_type=\"text-editor.default\">\n\t\t\t\t\t\t\t\t\t<p>Vous pouvez d\u00e9poser une plainte aupr\u00e8s de nous en utilisant la m\u00e9thode qui vous convient le mieux. Vous pouvez \u00e9galement remplir le formulaire en ligne de l&rsquo;AMF (Autorit\u00e9 des march\u00e9s financiers) (l&rsquo;\u00ab Autorit\u00e9 \u00bb). Nous pouvons m\u00eame vous aider \u00e0 d\u00e9poser votre plainte.<\/p>\t\t\t\t\t\t\t\t<\/div>\n\t\t\t\t<div class=\"elementor-element elementor-element-a8b2ecd elementor-widget elementor-widget-heading\" data-id=\"a8b2ecd\" data-element_type=\"widget\" data-e-type=\"widget\" data-widget_type=\"heading.default\">\n\t\t\t\t\t<h3 class=\"elementor-heading-title elementor-size-default\">Nous Joindre:<\/h3>\t\t\t\t<\/div>\n\t\t\t\t<div class=\"elementor-element elementor-element-c6f10f3 elementor-widget elementor-widget-text-editor\" data-id=\"c6f10f3\" data-element_type=\"widget\" data-e-type=\"widget\" data-widget_type=\"text-editor.default\">\n\t\t\t\t\t\t\t\t\t<ul><li style=\"font-weight: 400;\" aria-level=\"1\"><b>T\u00e9l\u00e9phone :<\/b><span style=\"font-weight: 400;\"> 514-532-5555<\/span><span style=\"font-weight: 400;\"><br \/><\/span><\/li><li style=\"font-weight: 400;\" aria-level=\"1\"><b>Responsable du traitement des plaintes :<\/b><span style=\"font-weight: 400;\"> Giancarlo Clemente<\/span><span style=\"font-weight: 400;\"><br \/><\/span><\/li><li style=\"font-weight: 400;\" aria-level=\"1\"><b>Email<\/b><span style=\"font-weight: 400;\"> info@assuranceperformance.ca<\/span><\/li><li style=\"font-weight: 400;\" aria-level=\"1\"><b>Adresse : <\/b>5005, boulevard M\u00e9tropolitain Est, bureau 200, Saint-L\u00e9onard (Qu\u00e9bec) H1R 1Z7<\/li><\/ul>\t\t\t\t\t\t\t\t<\/div>\n\t\t\t\t<div class=\"elementor-element elementor-element-e312097 elementor-widget elementor-widget-heading\" data-id=\"e312097\" data-element_type=\"widget\" data-e-type=\"widget\" data-widget_type=\"heading.default\">\n\t\t\t\t\t<h3 class=\"elementor-heading-title elementor-size-default\">Nos bureaux sont ouverts :\n<\/h3>\t\t\t\t<\/div>\n\t\t\t\t<div class=\"elementor-element elementor-element-fa20a76 elementor-widget elementor-widget-text-editor\" data-id=\"fa20a76\" data-element_type=\"widget\" data-e-type=\"widget\" data-widget_type=\"text-editor.default\">\n\t\t\t\t\t\t\t\t\t<ul><li style=\"font-weight: 400;\" aria-level=\"1\"><b>Du lundi au vendredi :<\/b><span style=\"font-weight: 400;\"> 8 h 30 \u2013 18 h 00<\/span><\/li><\/ul>\t\t\t\t\t\t\t\t<\/div>\n\t\t\t\t<div class=\"elementor-element elementor-element-df1613c elementor-widget elementor-widget-text-editor\" data-id=\"df1613c\" data-element_type=\"widget\" data-e-type=\"widget\" data-widget_type=\"text-editor.default\">\n\t\t\t\t\t\t\t\t\t<main class=\"main-content svelte-29epsp\"><div class=\"main-content svelte-mhuesr\"><div class=\"translator-container svelte-bad754\" data-testid=\"side-panel-translator\"><div class=\"output-area svelte-10aez33\" dir=\"ltr\" data-testid=\"side-panel-output\"><main class=\"main-content svelte-29epsp\"><div class=\"main-content svelte-mhuesr\"><div class=\"translator-container svelte-bad754\" data-testid=\"side-panel-translator\"><div class=\"output-area svelte-10aez33\" dir=\"ltr\" data-testid=\"side-panel-output\">Des questions ? Contactez-nous pour obtenir des informations sur le traitement des plaintes.<\/div><\/div><\/div><\/main><\/div><\/div><\/div><\/main>\t\t\t\t\t\t\t\t<\/div>\n\t\t\t\t<div class=\"elementor-element elementor-element-3015c41 elementor-widget elementor-widget-heading\" data-id=\"3015c41\" data-element_type=\"widget\" data-e-type=\"widget\" data-widget_type=\"heading.default\">\n\t\t\t\t\t<h2 class=\"elementor-heading-title elementor-size-default\">Les \u00e9tapes du processus de traitement des plaintes\n<\/h2>\t\t\t\t<\/div>\n\t\t\t\t<div class=\"elementor-element elementor-element-31b20f0 elementor-widget elementor-widget-text-editor\" data-id=\"31b20f0\" data-element_type=\"widget\" data-e-type=\"widget\" data-widget_type=\"text-editor.default\">\n\t\t\t\t\t\t\t\t\t<p>Certaines plaintes peuvent faire l&rsquo;objet d&rsquo;un traitement simplifi\u00e9, dans le cadre duquel nous essayons de trouver une solution \u00e0 la situation. Ce processus est expliqu\u00e9 plus loin. Lorsque votre plainte ne peut \u00eatre r\u00e9solue par le biais d&rsquo;un traitement simplifi\u00e9 ou que sa nature est complexe, elle sera trait\u00e9e comme suit.<\/p>\t\t\t\t\t\t\t\t<\/div>\n\t\t\t\t<div class=\"elementor-element elementor-element-be87d5a elementor-widget elementor-widget-heading\" data-id=\"be87d5a\" data-element_type=\"widget\" data-e-type=\"widget\" data-widget_type=\"heading.default\">\n\t\t\t\t\t<h3 class=\"elementor-heading-title elementor-size-default\">Nous accusons r\u00e9ception de votre r\u00e9clamation.\n<\/h3>\t\t\t\t<\/div>\n\t\t\t\t<div class=\"elementor-element elementor-element-f54b5e9 elementor-widget elementor-widget-text-editor\" data-id=\"f54b5e9\" data-element_type=\"widget\" data-e-type=\"widget\" data-widget_type=\"text-editor.default\">\n\t\t\t\t\t\t\t\t\t<main class=\"main-content svelte-29epsp\"><div class=\"main-content svelte-mhuesr\"><div class=\"translator-container svelte-bad754\" data-testid=\"side-panel-translator\"><div class=\"output-area svelte-10aez33\" dir=\"ltr\" data-testid=\"side-panel-output\">Nous vous enverrons un accus\u00e9 de r\u00e9ception dans les 10 jours suivant le d\u00e9p\u00f4t de la plainte.<\/div><\/div><\/div><\/main>\t\t\t\t\t\t\t\t<\/div>\n\t\t\t\t<div class=\"elementor-element elementor-element-85e4e47 elementor-widget elementor-widget-heading\" data-id=\"85e4e47\" data-element_type=\"widget\" data-e-type=\"widget\" data-widget_type=\"heading.default\">\n\t\t\t\t\t<h3 class=\"elementor-heading-title elementor-size-default\">Nous analysons la plainte.\n<\/h3>\t\t\t\t<\/div>\n\t\t\t\t<div class=\"elementor-element elementor-element-87cdbe0 elementor-widget elementor-widget-text-editor\" data-id=\"87cdbe0\" data-element_type=\"widget\" data-e-type=\"widget\" data-widget_type=\"text-editor.default\">\n\t\t\t\t\t\t\t\t\t<main class=\"main-content svelte-29epsp\"><div class=\"main-content svelte-mhuesr\"><div class=\"translator-container svelte-bad754\" data-testid=\"side-panel-translator\"><div class=\"output-area svelte-10aez33\" dir=\"ltr\" data-testid=\"side-panel-output\">Nous nous assurons de bien comprendre votre r\u00e9clamation et vos attentes. Nous pourrions \u00eatre amen\u00e9s \u00e0 vous contacter pour vous demander des informations suppl\u00e9mentaires.<\/div><\/div><\/div><\/main>\t\t\t\t\t\t\t\t<\/div>\n\t\t\t\t<div class=\"elementor-element elementor-element-5b675d6 elementor-widget elementor-widget-heading\" data-id=\"5b675d6\" data-element_type=\"widget\" data-e-type=\"widget\" data-widget_type=\"heading.default\">\n\t\t\t\t\t<h3 class=\"elementor-heading-title elementor-size-default\">Nous vous enverrons une lettre de position finale.\n<\/h3>\t\t\t\t<\/div>\n\t\t\t\t<div class=\"elementor-element elementor-element-8b3fe7d elementor-widget elementor-widget-text-editor\" data-id=\"8b3fe7d\" data-element_type=\"widget\" data-e-type=\"widget\" data-widget_type=\"text-editor.default\">\n\t\t\t\t\t\t\t\t\t<main class=\"main-content svelte-29epsp\"><div class=\"main-content svelte-mhuesr\"><div class=\"translator-container svelte-bad754\" data-testid=\"side-panel-translator\"><div class=\"output-area svelte-10aez33\" dir=\"ltr\" data-testid=\"side-panel-output\">Nous vous enverrons une lettre de r\u00e9ponse d\u00e9finitive dans un d\u00e9lai de 60 jours. Dans cette lettre, nous vous expliquerons comment votre r\u00e9clamation a \u00e9t\u00e9 trait\u00e9e et, si n\u00e9cessaire, nous vous proposerons des solutions pour la r\u00e9soudre.<\/div><\/div><\/div><\/main>\t\t\t\t\t\t\t\t<\/div>\n\t\t\t\t<div class=\"elementor-element elementor-element-158f9b7 elementor-widget elementor-widget-text-editor\" data-id=\"158f9b7\" data-element_type=\"widget\" data-e-type=\"widget\" data-widget_type=\"text-editor.default\">\n\t\t\t\t\t\t\t\t\t<main class=\"main-content svelte-29epsp\"><div class=\"main-content svelte-mhuesr\"><div class=\"translator-container svelte-bad754\" data-testid=\"side-panel-translator\"><div class=\"output-area svelte-10aez33\" dir=\"ltr\" data-testid=\"side-panel-output\">Contactez-nous si vous avez des questions ou des commentaires concernant notre r\u00e9ponse.<\/div><\/div><\/div><\/main>\t\t\t\t\t\t\t\t<\/div>\n\t\t\t\t<div class=\"elementor-element elementor-element-fdd4773 elementor-widget elementor-widget-heading\" data-id=\"fdd4773\" data-element_type=\"widget\" data-e-type=\"widget\" data-widget_type=\"heading.default\">\n\t\t\t\t\t<h2 class=\"elementor-heading-title elementor-size-default\">Prolongation du d\u00e9lai n\u00e9cessaire au traitement de votre r\u00e9clamation<\/h2>\t\t\t\t<\/div>\n\t\t\t\t<div class=\"elementor-element elementor-element-4b27bad elementor-widget elementor-widget-text-editor\" data-id=\"4b27bad\" data-element_type=\"widget\" data-e-type=\"widget\" data-widget_type=\"text-editor.default\">\n\t\t\t\t\t\t\t\t\t<main class=\"main-content svelte-29epsp\"><div class=\"main-content svelte-mhuesr\"><div class=\"translator-container svelte-bad754\" data-testid=\"side-panel-translator\"><div class=\"output-area svelte-10aez33\" dir=\"ltr\" data-testid=\"side-panel-output\">Dans certains cas, l&rsquo;examen de votre plainte peut prendre plus de temps ou s&rsquo;av\u00e9rer plus complexe que pr\u00e9vu, et un d\u00e9lai suppl\u00e9mentaire de 30 jours peut \u00eatre n\u00e9cessaire pour l&rsquo;analyser correctement. Nous vous en informerons par \u00e9crit, en pr\u00e9cisant les raisons de ce retard suppl\u00e9mentaire.<\/div><\/div><\/div><\/main>\t\t\t\t\t\t\t\t<\/div>\n\t\t\t\t<div class=\"elementor-element elementor-element-b5c3915 elementor-widget elementor-widget-heading\" data-id=\"b5c3915\" data-element_type=\"widget\" data-e-type=\"widget\" data-widget_type=\"heading.default\">\n\t\t\t\t\t<h2 class=\"elementor-heading-title elementor-size-default\">\u00c9valuation de l'offre et r\u00e9solution<\/h2>\t\t\t\t<\/div>\n\t\t\t\t<div class=\"elementor-element elementor-element-444c689 elementor-widget elementor-widget-text-editor\" data-id=\"444c689\" data-element_type=\"widget\" data-e-type=\"widget\" data-widget_type=\"text-editor.default\">\n\t\t\t\t\t\t\t\t\t<p>Prenez le temps de lire notre r\u00e9ponse ou d&rsquo;\u00e9valuer l&rsquo;offre qui vous a \u00e9t\u00e9 faite. Nous vous laisserons suffisamment de temps pour d\u00e9cider d&rsquo;accepter notre offre, de la refuser ou de faire une contre-offre. Pendant cette p\u00e9riode, vous devriez pouvoir demander les conseils dont vous avez besoin pour prendre une d\u00e9cision \u00e9clair\u00e9e.<\/p><p>Une fois que nous nous sommes mis d&rsquo;accord sur une solution, nous disposons de 30 jours pour la mettre en \u0153uvre, sauf si nous convenons d&rsquo;un autre d\u00e9lai.<\/p>\t\t\t\t\t\t\t\t<\/div>\n\t\t\t\t<div class=\"elementor-element elementor-element-3ebe5cc elementor-widget elementor-widget-heading\" data-id=\"3ebe5cc\" data-element_type=\"widget\" data-e-type=\"widget\" data-widget_type=\"heading.default\">\n\t\t\t\t\t<h2 class=\"elementor-heading-title elementor-size-default\">Examen par l'AMF<\/h2>\t\t\t\t<\/div>\n\t\t\t\t<div class=\"elementor-element elementor-element-db40de0 elementor-widget elementor-widget-text-editor\" data-id=\"db40de0\" data-element_type=\"widget\" data-e-type=\"widget\" data-widget_type=\"text-editor.default\">\n\t\t\t\t\t\t\t\t\t<p>Pour chaque r\u00e9clamation, nous ouvrons un dossier dans lequel nous conservons toutes les informations ou tous les documents utiles \u00e0 son traitement.<\/p><p>Vous pouvez nous contacter \u00e0 tout moment pour demander que votre r\u00e9clamation soit examin\u00e9e par l&rsquo;AMF si vous n&rsquo;\u00eates pas satisfait de la mani\u00e8re dont elle a \u00e9t\u00e9 trait\u00e9e ou de la r\u00e9ponse qui vous a \u00e9t\u00e9 apport\u00e9e. Nous sommes tenus de transmettre votre r\u00e9clamation \u00e0 l&rsquo;AMF dans les 15 jours suivant votre demande.<\/p>\t\t\t\t\t\t\t\t<\/div>\n\t\t\t\t<div class=\"elementor-element elementor-element-a1afa98 elementor-widget elementor-widget-heading\" data-id=\"a1afa98\" data-element_type=\"widget\" data-e-type=\"widget\" data-widget_type=\"heading.default\">\n\t\t\t\t\t<h2 class=\"elementor-heading-title elementor-size-default\">Traitement simplifi\u00e9 de certaines plaintes\n<\/h2>\t\t\t\t<\/div>\n\t\t\t\t<div class=\"elementor-element elementor-element-f602fcb elementor-widget elementor-widget-text-editor\" data-id=\"f602fcb\" data-element_type=\"widget\" data-e-type=\"widget\" data-widget_type=\"text-editor.default\">\n\t\t\t\t\t\t\t\t\t<p>Certaines r\u00e9clamations peuvent faire l&rsquo;objet d&rsquo;un traitement simplifi\u00e9. C&rsquo;est le cas des r\u00e9clamations pour lesquelles nous pouvons proposer une solution satisfaisante dans un d\u00e9lai de 20 jours.<\/p><p>Nous consid\u00e9rons qu&rsquo;une r\u00e9clamation est r\u00e9solue \u00e0 votre satisfaction lorsque vous acceptez la solution propos\u00e9e ou lorsque vous jugez les explications fournies satisfaisantes.<\/p><p>Dans le cadre de ce processus, les r\u00e9clamations peuvent \u00eatre trait\u00e9es par exemple lors d&rsquo;un appel t\u00e9l\u00e9phonique d&rsquo;un membre de notre \u00e9quipe du service client\u00e8le.<\/p><p>Si nous ne sommes pas en mesure de vous proposer une solution ou une explication qui r\u00e9solve votre r\u00e9clamation, nous vous en informerons par \u00e9crit.<\/p><p>Votre r\u00e9clamation sera alors trait\u00e9e conform\u00e9ment aux \u00e9tapes du processus de traitement des r\u00e9clamations d\u00e9crit ci-dessus.<\/p><p>Le temps n\u00e9cessaire pour r\u00e9soudre votre r\u00e9clamation dans le cadre du processus de traitement simplifi\u00e9 n&rsquo;affecte pas notre obligation de vous fournir une r\u00e9ponse finale dans les d\u00e9lais prescrits.<\/p>\t\t\t\t\t\t\t\t<\/div>\n\t\t\t\t\t<\/div>\n\t\t\t\t<\/div>\n\t\t\t\t<\/div>","protected":false},"excerpt":{"rendered":"<p>Politique de traitement des plaintes et de r\u00e9solution des litiges Performance en mati\u00e8re d&rsquo;assurance. D\u00e9poser une plainte concernant nos services Nous veillons \u00e0 ce que les plaintes soient trait\u00e9es rapidement et dans les meilleurs d\u00e9lais. Qu&rsquo;est-ce qu&rsquo;une plainte ? Une r\u00e9clamation est une communication qui exprime une insatisfaction ou une critique \u00e0 l&rsquo;\u00e9gard d&rsquo;un service [&hellip;]<\/p>\n","protected":false},"author":2,"featured_media":0,"parent":0,"menu_order":0,"comment_status":"closed","ping_status":"closed","template":"","meta":{"footnotes":""},"class_list":["post-648","page","type-page","status-publish","hentry"],"_links":{"self":[{"href":"https:\/\/assuranceperformance.com\/en\/wp-json\/wp\/v2\/pages\/648","targetHints":{"allow":["GET"]}}],"collection":[{"href":"https:\/\/assuranceperformance.com\/en\/wp-json\/wp\/v2\/pages"}],"about":[{"href":"https:\/\/assuranceperformance.com\/en\/wp-json\/wp\/v2\/types\/page"}],"author":[{"embeddable":true,"href":"https:\/\/assuranceperformance.com\/en\/wp-json\/wp\/v2\/users\/2"}],"replies":[{"embeddable":true,"href":"https:\/\/assuranceperformance.com\/en\/wp-json\/wp\/v2\/comments?post=648"}],"version-history":[{"count":13,"href":"https:\/\/assuranceperformance.com\/en\/wp-json\/wp\/v2\/pages\/648\/revisions"}],"predecessor-version":[{"id":763,"href":"https:\/\/assuranceperformance.com\/en\/wp-json\/wp\/v2\/pages\/648\/revisions\/763"}],"wp:attachment":[{"href":"https:\/\/assuranceperformance.com\/en\/wp-json\/wp\/v2\/media?parent=648"}],"curies":[{"name":"wp","href":"https:\/\/api.w.org\/{rel}","templated":true}]}}