{"id":15,"date":"2025-11-10T17:20:26","date_gmt":"2025-11-10T17:20:26","guid":{"rendered":"https:\/\/assuranceperformance.com\/?page_id=15"},"modified":"2025-12-15T14:54:28","modified_gmt":"2025-12-15T14:54:28","slug":"about-us","status":"publish","type":"page","link":"https:\/\/assuranceperformance.com\/en\/about-us\/","title":{"rendered":"About Us"},"content":{"rendered":"<div data-elementor-type=\"wp-page\" data-elementor-id=\"15\" class=\"elementor elementor-15\">\n\t\t\t\t<div class=\"elementor-element elementor-element-4daad7e e-flex e-con-boxed e-con e-parent\" data-id=\"4daad7e\" data-element_type=\"container\" data-e-type=\"container\" data-settings=\"{&quot;background_background&quot;:&quot;classic&quot;}\">\n\t\t\t\t\t<div class=\"e-con-inner\">\n\t\t<div class=\"elementor-element elementor-element-4e30076 e-con-full e-flex e-con e-child\" data-id=\"4e30076\" data-element_type=\"container\" data-e-type=\"container\">\n\t\t\t\t<div class=\"elementor-element elementor-element-6c699c0 elementor-widget elementor-widget-text-editor\" data-id=\"6c699c0\" data-element_type=\"widget\" data-e-type=\"widget\" data-widget_type=\"text-editor.default\">\n\t\t\t\t\t\t\t\t\t<main class=\"main-content svelte-29epsp\"><div class=\"main-content svelte-mhuesr\"><div class=\"translator-container svelte-bad754\" data-testid=\"side-panel-translator\"><div class=\"output-area svelte-10aez33\" dir=\"ltr\" data-testid=\"side-panel-output\">Why Choose an Independent Broker<\/div><\/div><\/div><\/main>\t\t\t\t\t\t\t\t<\/div>\n\t\t\t\t<div class=\"elementor-element elementor-element-ada7f23 elementor-widget elementor-widget-heading\" data-id=\"ada7f23\" data-element_type=\"widget\" data-e-type=\"widget\" data-widget_type=\"heading.default\">\n\t\t\t\t\t<h1 class=\"elementor-heading-title elementor-size-default\">Why Work With an\nIndependent Broker<\/h1>\t\t\t\t<\/div>\n\t\t\t\t<div class=\"elementor-element elementor-element-f59418f elementor-widget elementor-widget-text-editor\" data-id=\"f59418f\" data-element_type=\"widget\" data-e-type=\"widget\" data-widget_type=\"text-editor.default\">\n\t\t\t\t\t\t\t\t\t<p class=\"translation-block\">We have <strong>no financial ties<\/strong> to or stake in insurance companies.<\/p><ul role=\"list\"><li>Nous n&rsquo;avons <strong>aucun lien financier<\/strong> ni aucune participation dans les compagnies d&rsquo;assurance.<\/li><li class=\"translation-block\">We compare options across<strong>multiple insurers<\/strong> to ensure fair pricing and comprehensive coverage.<\/li><li class=\"translation-block\">We provide  <strong>unbiased advice <\/strong> tailored to your business or personal situation.<\/li><li class=\"translation-block\">We act as your <strong> advocate<\/strong>  during renewals and claims \u2014 ensuring you get what you\u2019re entitled to.<\/li><\/ul><p>Independence means <strong>loyalty<\/strong> to you. That\u2019s the Assurance Performance difference. <strong>loyaut\u00e9<\/strong> envers vous. C&rsquo;est ce qui distingue Assurance Performance.<\/p>\t\t\t\t\t\t\t\t<\/div>\n\t\t\t\t<\/div>\n\t\t<div class=\"elementor-element elementor-element-cb97199 e-con-full e-flex e-con e-child\" data-id=\"cb97199\" data-element_type=\"container\" data-e-type=\"container\">\n\t\t\t\t<div class=\"elementor-element elementor-element-770be6f elementor-widget elementor-widget-image\" data-id=\"770be6f\" data-element_type=\"widget\" data-e-type=\"widget\" data-widget_type=\"image.default\">\n\t\t\t\t\t\t\t\t\t\t\t\t\t\t\t<img fetchpriority=\"high\" decoding=\"async\" width=\"776\" height=\"864\" src=\"https:\/\/assuranceperformance.com\/wp-content\/uploads\/2025\/11\/Why-Work-With-an-Independent-Broker.webp\" class=\"attachment-large size-large wp-image-321\" alt=\"\" srcset=\"https:\/\/assuranceperformance.com\/wp-content\/uploads\/2025\/11\/Why-Work-With-an-Independent-Broker.webp 776w, https:\/\/assuranceperformance.com\/wp-content\/uploads\/2025\/11\/Why-Work-With-an-Independent-Broker-269x300.webp 269w, https:\/\/assuranceperformance.com\/wp-content\/uploads\/2025\/11\/Why-Work-With-an-Independent-Broker-768x855.webp 768w\" sizes=\"(max-width: 776px) 100vw, 776px\" \/>\t\t\t\t\t\t\t\t\t\t\t\t\t\t\t<\/div>\n\t\t\t\t<div class=\"elementor-element elementor-element-e1eb1af elementor-widget elementor-widget-text-editor\" data-id=\"e1eb1af\" data-element_type=\"widget\" data-e-type=\"widget\" data-widget_type=\"text-editor.default\">\n\t\t\t\t\t\t\t\t\t<p><em>I work closely with business owners to structure clear, <\/br>practical insurance solutions that truly fit their needs.\u00a0<\/em><\/p><p>Giancarlo Clemente, pr\u00e9sident<\/p>\t\t\t\t\t\t\t\t<\/div>\n\t\t\t\t<\/div>\n\t\t\t\t\t<\/div>\n\t\t\t\t<\/div>\n\t\t<div class=\"elementor-element elementor-element-74bf27b e-flex e-con-boxed e-con e-parent\" data-id=\"74bf27b\" data-element_type=\"container\" data-e-type=\"container\">\n\t\t\t\t\t<div class=\"e-con-inner\">\n\t\t<div class=\"elementor-element elementor-element-4e46ba4 e-con-full e-flex e-con e-child\" data-id=\"4e46ba4\" data-element_type=\"container\" data-e-type=\"container\">\n\t\t\t\t<div class=\"elementor-element elementor-element-b70c0f8 elementor-widget elementor-widget-heading\" data-id=\"b70c0f8\" data-element_type=\"widget\" data-e-type=\"widget\" data-widget_type=\"heading.default\">\n\t\t\t\t\t<h2 class=\"elementor-heading-title elementor-size-default\">Assurance Performance in Numbers<\/h2>\t\t\t\t<\/div>\n\t\t\t\t<\/div>\n\t\t<div class=\"elementor-element elementor-element-927402d e-con-full e-flex e-con e-child\" data-id=\"927402d\" data-element_type=\"container\" data-e-type=\"container\">\n\t\t\t\t<div class=\"elementor-element elementor-element-7eacab4 elementor-position-left elementor-position-left elementor-vertical-align-top elementor-widget elementor-widget-image-box\" data-id=\"7eacab4\" data-element_type=\"widget\" data-e-type=\"widget\" data-widget_type=\"image-box.default\">\n\t\t\t\t\t<div class=\"elementor-image-box-wrapper\"><figure class=\"elementor-image-box-img\"><img decoding=\"async\" width=\"160\" height=\"200\" src=\"https:\/\/assuranceperformance.com\/wp-content\/uploads\/2025\/11\/Protect.webp\" class=\"attachment-full size-full wp-image-323\" alt=\"\" \/><\/figure><div class=\"elementor-image-box-content\"><h3 class=\"elementor-image-box-title\">+20<\/h3><p class=\"elementor-image-box-description\">Insurance providers\n<\/p><\/div><\/div>\t\t\t\t<\/div>\n\t\t\t\t<\/div>\n\t\t<div class=\"elementor-element elementor-element-94ba70c e-con-full e-flex e-con e-child\" data-id=\"94ba70c\" data-element_type=\"container\" data-e-type=\"container\">\n\t\t\t\t<div class=\"elementor-element elementor-element-8a43c95 elementor-position-left elementor-position-left elementor-vertical-align-top elementor-widget elementor-widget-image-box\" data-id=\"8a43c95\" data-element_type=\"widget\" data-e-type=\"widget\" data-widget_type=\"image-box.default\">\n\t\t\t\t\t<div class=\"elementor-image-box-wrapper\"><figure class=\"elementor-image-box-img\"><img decoding=\"async\" width=\"160\" height=\"200\" src=\"https:\/\/assuranceperformance.com\/wp-content\/uploads\/2025\/11\/Administrator-Male.webp\" class=\"attachment-full size-full wp-image-317\" alt=\"\" \/><\/figure><div class=\"elementor-image-box-content\"><h3 class=\"elementor-image-box-title\">+25 <span style=\"font-size: 35px!important;margin-left: -9px\">years<\/span><\/h3><p class=\"elementor-image-box-description\">Years combined years\u2028of experience<\/p><\/div><\/div>\t\t\t\t<\/div>\n\t\t\t\t<\/div>\n\t\t<div class=\"elementor-element elementor-element-8b5575d e-con-full e-flex e-con e-child\" data-id=\"8b5575d\" data-element_type=\"container\" data-e-type=\"container\">\n\t\t\t\t<div class=\"elementor-element elementor-element-45ab459 elementor-position-left elementor-position-left elementor-vertical-align-top elementor-widget elementor-widget-image-box\" data-id=\"45ab459\" data-element_type=\"widget\" data-e-type=\"widget\" data-widget_type=\"image-box.default\">\n\t\t\t\t\t<div class=\"elementor-image-box-wrapper\"><figure class=\"elementor-image-box-img\"><img loading=\"lazy\" decoding=\"async\" width=\"156\" height=\"200\" src=\"https:\/\/assuranceperformance.com\/wp-content\/uploads\/2025\/11\/Banknotes.webp\" class=\"attachment-full size-full wp-image-324\" alt=\"\" \/><\/figure><div class=\"elementor-image-box-content\"><h3 class=\"elementor-image-box-title\">$500M<\/h3><p class=\"elementor-image-box-description\">In values insured annually\n<\/p><\/div><\/div>\t\t\t\t<\/div>\n\t\t\t\t<\/div>\n\t\t\t\t\t<\/div>\n\t\t\t\t<\/div>\n\t\t<div class=\"elementor-element elementor-element-83e7a0e e-flex e-con-boxed e-con e-parent\" data-id=\"83e7a0e\" data-element_type=\"container\" data-e-type=\"container\" data-settings=\"{&quot;background_background&quot;:&quot;gradient&quot;}\">\n\t\t\t\t\t<div class=\"e-con-inner\">\n\t\t<div class=\"elementor-element elementor-element-2b362cb e-con-full e-flex e-con e-child\" data-id=\"2b362cb\" data-element_type=\"container\" data-e-type=\"container\" data-settings=\"{&quot;background_background&quot;:&quot;classic&quot;}\">\n\t\t\t\t<div class=\"elementor-element elementor-element-fdf5468 elementor-widget elementor-widget-text-editor\" data-id=\"fdf5468\" data-element_type=\"widget\" data-e-type=\"widget\" data-widget_type=\"text-editor.default\">\n\t\t\t\t\t\t\t\t\t<main class=\"main-content svelte-29epsp\"><div class=\"main-content svelte-mhuesr\"><div class=\"translator-container svelte-bad754\" data-testid=\"side-panel-translator\"><div class=\"output-area svelte-10aez33\" dir=\"ltr\" data-testid=\"side-panel-output\">Our Promise to You<\/div><\/div><\/div><\/main>\t\t\t\t\t\t\t\t<\/div>\n\t\t\t\t<div class=\"elementor-element elementor-element-aaa03e6 elementor-widget elementor-widget-heading\" data-id=\"aaa03e6\" data-element_type=\"widget\" data-e-type=\"widget\" data-widget_type=\"heading.default\">\n\t\t\t\t\t<h2 class=\"elementor-heading-title elementor-size-default\">At Assurance Performance<\/h2>\t\t\t\t<\/div>\n\t\t\t\t<div class=\"elementor-element elementor-element-cc059e6 elementor-widget elementor-widget-text-editor\" data-id=\"cc059e6\" data-element_type=\"widget\" data-e-type=\"widget\" data-widget_type=\"text-editor.default\">\n\t\t\t\t\t\t\t\t\t<p class=\"translation-block\">At Assurance Performance, we believe that trust is earned through transparency, expertise, and results. We partner exclusively with <strong>reputable Canadian<\/strong> insurers known for their financial strength, responsive claims service, and long-term stability.<\/p><p>Our promise is simple:<\/p><ul role=\"list\"><li class=\"translation-block\">To represent <strong>your best interest<\/strong>at every stage \u2014 from quote to claim.<\/li><li class=\"translation-block\">To deliver <strong>clear, tailored advice<\/strong>that protects your assets and your peace of mind.<\/li><li class=\"translation-block\">To provide<strong>responsive, personal service<\/strong>\u2014 every client matters.<\/li><\/ul><p class=\"translation-block\">Whether you\u2019re insuring your business, property portfolio, or personal assets, you can count on<strong>Assurance Performance<\/strong>for independent advice and unwavering support.<\/p>\t\t\t\t\t\t\t\t<\/div>\n\t\t\t\t<div class=\"elementor-element elementor-element-0149cfd elementor-align-left elementor-widget elementor-widget-button\" data-id=\"0149cfd\" data-element_type=\"widget\" data-e-type=\"widget\" data-widget_type=\"button.default\">\n\t\t\t\t\t\t\t\t\t\t<a class=\"elementor-button elementor-button-link elementor-size-sm\" href=\"https:\/\/assuranceperformance.com\/en\/contact-us\/\">\n\t\t\t\t\t\t<span class=\"elementor-button-content-wrapper\">\n\t\t\t\t\t\t\t\t\t<span class=\"elementor-button-text\">Contact Us<\/span>\n\t\t\t\t\t<\/span>\n\t\t\t\t\t<\/a>\n\t\t\t\t\t\t\t\t<\/div>\n\t\t\t\t<\/div>\n\t\t\t\t\t<\/div>\n\t\t\t\t<\/div>\n\t\t\t\t<\/div>","protected":false},"excerpt":{"rendered":"<p>Pourquoi choisir un courtier ind\u00e9pendant ? Pourquoi travailler avec un courtier ind\u00e9pendant ? Contrairement aux agents ou aux courtiers li\u00e9s qui repr\u00e9sentent un seul assureur, les courtiers ind\u00e9pendants travaillent pour vous, et non pour la compagnie d&rsquo;assurance. Nous n&rsquo;avons aucun lien financier ni aucune participation dans les compagnies d&rsquo;assurance. Nous comparons les options propos\u00e9es par [&hellip;]<\/p>\n","protected":false},"author":1,"featured_media":0,"parent":0,"menu_order":0,"comment_status":"closed","ping_status":"closed","template":"","meta":{"footnotes":""},"class_list":["post-15","page","type-page","status-publish","hentry"],"_links":{"self":[{"href":"https:\/\/assuranceperformance.com\/en\/wp-json\/wp\/v2\/pages\/15","targetHints":{"allow":["GET"]}}],"collection":[{"href":"https:\/\/assuranceperformance.com\/en\/wp-json\/wp\/v2\/pages"}],"about":[{"href":"https:\/\/assuranceperformance.com\/en\/wp-json\/wp\/v2\/types\/page"}],"author":[{"embeddable":true,"href":"https:\/\/assuranceperformance.com\/en\/wp-json\/wp\/v2\/users\/1"}],"replies":[{"embeddable":true,"href":"https:\/\/assuranceperformance.com\/en\/wp-json\/wp\/v2\/comments?post=15"}],"version-history":[{"count":40,"href":"https:\/\/assuranceperformance.com\/en\/wp-json\/wp\/v2\/pages\/15\/revisions"}],"predecessor-version":[{"id":780,"href":"https:\/\/assuranceperformance.com\/en\/wp-json\/wp\/v2\/pages\/15\/revisions\/780"}],"wp:attachment":[{"href":"https:\/\/assuranceperformance.com\/en\/wp-json\/wp\/v2\/media?parent=15"}],"curies":[{"name":"wp","href":"https:\/\/api.w.org\/{rel}","templated":true}]}}